{"id":2498,"date":"2021-07-26T10:44:19","date_gmt":"2021-07-26T07:44:19","guid":{"rendered":"https:\/\/www.joulupukkitv.com\/responsibility-sustainable-development\/"},"modified":"2025-02-21T11:02:47","modified_gmt":"2025-02-21T09:02:47","slug":"responsibilite-developpement-durable","status":"publish","type":"page","link":"https:\/\/www.joulupukkitv.com\/fr\/responsibilite-developpement-durable\/","title":{"rendered":"Joulupukki TV: responsabilit\u00e9 et d\u00e9veloppement durable"},"content":{"rendered":"<p>Fond\u00e9e en 2000, <strong>Joulupukki TV \/ Santatelevision<\/strong>, bas\u00e9e \u00e0 Rovaniemi, est l&rsquo;une des principales soci\u00e9t\u00e9s de production vid\u00e9o du nord de la Finlande et s&rsquo;efforce d&rsquo;\u00eatre un acteur le plus responsable possible. Nous faisons de notre mieux pour \u00eatre une soci\u00e9t\u00e9 de production viable et consciente de ses responsabilit\u00e9s, ainsi qu&rsquo;un v\u00e9ritable partenaire du d\u00e9veloppement durable. Vous trouverez ci-dessous quelques exemples de notre responsabilit\u00e9 en action :<\/p>\n<p>&nbsp;<\/p>\n<p><strong>\u2022 RESPONSABILIT\u00c9 SOCIALE ET FIABILIT\u00c9 \u00c9CONOMIQUE<\/strong><\/p>\n<p>Nous sommes officiellement un \u00ab\u00a0Partenaire Fiable\u00a0\u00bb \/ Reliable Partner (en finnois \u00ab\u00a0Luotettava kumppani\u00a0\u00bb) du Groupe Vastuu (<a href=\"https:\/\/www.vastuugroup.fi\/fi-en\">https:\/\/www.vastuugroup.fi\/fi-en<\/a>), un service qui promeut la confiance et la durabilit\u00e9. Le statut de partenaire fiable en Finlande signifie que nous avons rempli nos obligations sociales, fiscales et \u00e9conomiques en tant qu&#8217;employeur et que les informations de base de notre entreprise sont en ordre. En ces temps d&rsquo;incertitude financi\u00e8re, nous savons qu&rsquo;il est important pour vous d&rsquo;avoir un partenaire qui g\u00e8re votre engagement citoyen en plus de fournir des services vid\u00e9o de qualit\u00e9.<\/p>\n<p><a href=\"https:\/\/www.vastuugroup.fi\/fi-fi\/\"><img loading=\"lazy\" decoding=\"async\" src=\"https:\/\/www.joulupukkitv.com\/userassets\/uploads\/2024\/09\/reliable-partner.jpg\" alt=\"\" width=\"411\" height=\"163\" class=\"alignnone size-full wp-image-3153 img-responsive\" srcset=\"https:\/\/www.joulupukkitv.com\/userassets\/uploads\/2024\/09\/reliable-partner.jpg 411w, https:\/\/www.joulupukkitv.com\/userassets\/uploads\/2024\/09\/reliable-partner-150x59.jpg 150w, https:\/\/www.joulupukkitv.com\/userassets\/uploads\/2024\/09\/reliable-partner-260x103.jpg 260w\" sizes=\"auto, (max-width: 411px) 100vw, 411px\" \/><\/a><\/p>\n<ul><\/ul>\n<p>&nbsp;<\/p>\n<ul>\n<li><strong>LA RESPONSABILIT\u00c9 ENVIRONNEMENTALE ET LA LUTTE CONTRE LE CHANGEMENT CLIMATIQUE<\/strong><\/li>\n<\/ul>\n<p>Dans toutes nos activit\u00e9s, notre entreprise s&rsquo;efforce de prendre en compte le d\u00e9veloppement durable et la lutte contre le changement climatique. Par exemple, le v\u00e9hicule de soci\u00e9t\u00e9 utilis\u00e9 pour les tournages est un v\u00e9hicule hybride rechargeable respectueux de l&rsquo;environnement (KIA Xceed) . Dans tous nos achats d&rsquo;\u00e9quipements, nous essayons \u00e9galement de privil\u00e9gier les choix les plus durables possibles. En compl\u00e9ment, nous avons une politique de recyclage stricte et nous utilisons de <strong>l&rsquo;\u00e9lectricit\u00e9 dite \u00ab\u00a0verte\u00a0\u00bb<\/strong> (fournie par notre compagnie d&rsquo;\u00e9nergie locale <a href=\"https:\/\/loiste.fi\/en\">Loiste<\/a>) produite \u00e0 partir de ressources renouvelables.<\/p>\n<p><img loading=\"lazy\" decoding=\"async\" src=\"https:\/\/www.joulupukkitv.com\/userassets\/uploads\/2022\/10\/hiilineutraali-painotuote-logo-1.jpg\" alt=\"\" width=\"150\" height=\"150\" class=\"alignnone size-full wp-image-2959 img-responsive\" \/>Les cartes postales que nous commercialisons sont imprim\u00e9es en Finlande par <a href=\"https:\/\/punamusta.com\/en\/\"><strong>PunaMusta<\/strong><\/a> et sont des produits imprim\u00e9s respectueux de l&rsquo;environnement et <strong>neutres en carbone<\/strong>.<\/p>\n<ul>\n<li><strong>RESPONSABILIT\u00c9 POUR LE PILOTAGE DE DRONES<\/strong><\/li>\n<\/ul>\n<p>Nos op\u00e9rations de tournage par drone sont l\u00e9galement enregistr\u00e9es en Finlande et enti\u00e8rement assur\u00e9es par une assurance distincte pour les drones de Pohjola Insurance. Nous op\u00e9rons conform\u00e9ment aux r\u00e8gles communes de l&rsquo;UE et \u00e0 la l\u00e9gislation applicable au niveau national. Nous apportons un soin particulier au pilotage de notre drone et nous volons de mani\u00e8re professionnelle depuis cinq ans.<\/p>\n<ul>\n<li><strong>RESPONSABILIT\u00c9 DANS LA D\u00c9FENSE DE LA LIBERT\u00c9 ET DE LA D\u00c9MOCRATIE<\/strong><\/li>\n<\/ul>\n<p>Pour notre entreprise, les valeurs de la d\u00e9mocratie et d&rsquo;un monde libre sont importantes. Depuis 2022, Joulupukki TV soutient activement l&rsquo;<strong>Ukraine<\/strong> de diverses mani\u00e8res, dans la limite de nos ressources limit\u00e9es, alors qu&rsquo;elle fait face \u00e0 l&rsquo;attaque ill\u00e9gale et immorale de la Russie. Nous avons fait don de 3 de nos drones et plus de 800 banques d&rsquo;alimentation usag\u00e9es, que nous avons collect\u00e9es. Nous avons \u00e9galement aid\u00e9 les r\u00e9fugi\u00e9s ukrainiens \u00e0 Rovaniemi de diverses mani\u00e8res.<\/p>\n","protected":false},"excerpt":{"rendered":"<p>Fond\u00e9e en 2000, Joulupukki TV \/ Santatelevision, bas\u00e9e \u00e0 Rovaniemi, est l&rsquo;une des principales soci\u00e9t\u00e9s de production vid\u00e9o du nord de la Finlande et s&rsquo;efforce d&rsquo;\u00eatre un acteur le plus responsable possible. Nous faisons de notre mieux pour \u00eatre une soci\u00e9t\u00e9 de production viable et consciente de ses responsabilit\u00e9s, ainsi qu&rsquo;un v\u00e9ritable partenaire du d\u00e9veloppement &hellip; <a href=\"https:\/\/www.joulupukkitv.com\/fr\/responsibilite-developpement-durable\/\">Continued<\/a><\/p>\n","protected":false},"author":3,"featured_media":0,"parent":0,"menu_order":16,"comment_status":"closed","ping_status":"closed","template":"","meta":{"_acf_changed":false,"footnotes":""},"class_list":["post-2498","page","type-page","status-publish","hentry"],"acf":[],"yoast_head":"<title>Joulupukki TV: responsabilit\u00e9 et d\u00e9veloppement durable<\/title>\n<meta name=\"description\" content=\"Joulupukki TV: rJoulupukki TV: responsabilit\u00e9 et d\u00e9veloppement durable - la lutte contre changement climatique\" \/>\n<meta name=\"robots\" content=\"index, follow, max-snippet:-1, max-image-preview:large, max-video-preview:-1\" \/>\n<link rel=\"canonical\" href=\"https:\/\/www.joulupukkitv.com\/fr\/responsibilite-developpement-durable\/\" \/>\n<meta property=\"og:locale\" content=\"fr_FR\" \/>\n<meta property=\"og:type\" content=\"article\" \/>\n<meta property=\"og:title\" content=\"Joulupukki TV: responsabilit\u00e9 et d\u00e9veloppement durable\" \/>\n<meta property=\"og:description\" content=\"Joulupukki TV: rJoulupukki TV: responsabilit\u00e9 et d\u00e9veloppement durable - la lutte contre changement climatique\" \/>\n<meta property=\"og:url\" content=\"https:\/\/www.joulupukkitv.com\/fr\/responsibilite-developpement-durable\/\" \/>\n<meta property=\"og:site_name\" content=\"Joulupukki TV\" \/>\n<meta property=\"article:modified_time\" content=\"2025-02-21T09:02:47+00:00\" \/>\n<meta property=\"og:image\" content=\"https:\/\/www.joulupukkitv.com\/userassets\/uploads\/2024\/09\/reliable-partner.jpg\" \/>\n\t<meta property=\"og:image:width\" content=\"411\" \/>\n\t<meta property=\"og:image:height\" content=\"163\" \/>\n\t<meta property=\"og:image:type\" content=\"image\/jpeg\" \/>\n<meta name=\"twitter:card\" content=\"summary_large_image\" \/>\n<meta name=\"twitter:label1\" content=\"Dur\u00e9e de lecture estim\u00e9e\" \/>\n\t<meta name=\"twitter:data1\" content=\"4 minutes\" \/>\n<script type=\"application\/ld+json\" class=\"yoast-schema-graph\">{\"@context\":\"https:\\\/\\\/schema.org\",\"@graph\":[{\"@type\":\"WebPage\",\"@id\":\"https:\\\/\\\/www.joulupukkitv.com\\\/fr\\\/responsibilite-developpement-durable\\\/\",\"url\":\"https:\\\/\\\/www.joulupukkitv.com\\\/fr\\\/responsibilite-developpement-durable\\\/\",\"name\":\"Joulupukki TV: responsabilit\u00e9 et d\u00e9veloppement durable\",\"isPartOf\":{\"@id\":\"https:\\\/\\\/www.joulupukkitv.com\\\/#website\"},\"primaryImageOfPage\":{\"@id\":\"https:\\\/\\\/www.joulupukkitv.com\\\/fr\\\/responsibilite-developpement-durable\\\/#primaryimage\"},\"image\":{\"@id\":\"https:\\\/\\\/www.joulupukkitv.com\\\/fr\\\/responsibilite-developpement-durable\\\/#primaryimage\"},\"thumbnailUrl\":\"https:\\\/\\\/www.joulupukkitv.com\\\/userassets\\\/uploads\\\/2024\\\/09\\\/reliable-partner.jpg\",\"datePublished\":\"2021-07-26T07:44:19+00:00\",\"dateModified\":\"2025-02-21T09:02:47+00:00\",\"description\":\"Joulupukki TV: rJoulupukki TV: responsabilit\u00e9 et d\u00e9veloppement durable - la lutte contre changement climatique\",\"breadcrumb\":{\"@id\":\"https:\\\/\\\/www.joulupukkitv.com\\\/fr\\\/responsibilite-developpement-durable\\\/#breadcrumb\"},\"inLanguage\":\"fr-FR\",\"potentialAction\":[{\"@type\":\"ReadAction\",\"target\":[\"https:\\\/\\\/www.joulupukkitv.com\\\/fr\\\/responsibilite-developpement-durable\\\/\"]}]},{\"@type\":\"ImageObject\",\"inLanguage\":\"fr-FR\",\"@id\":\"https:\\\/\\\/www.joulupukkitv.com\\\/fr\\\/responsibilite-developpement-durable\\\/#primaryimage\",\"url\":\"https:\\\/\\\/www.joulupukkitv.com\\\/userassets\\\/uploads\\\/2024\\\/09\\\/reliable-partner.jpg\",\"contentUrl\":\"https:\\\/\\\/www.joulupukkitv.com\\\/userassets\\\/uploads\\\/2024\\\/09\\\/reliable-partner.jpg\"},{\"@type\":\"BreadcrumbList\",\"@id\":\"https:\\\/\\\/www.joulupukkitv.com\\\/fr\\\/responsibilite-developpement-durable\\\/#breadcrumb\",\"itemListElement\":[{\"@type\":\"ListItem\",\"position\":1,\"name\":\"Etusivu\",\"item\":\"https:\\\/\\\/www.joulupukkitv.com\\\/fr\\\/\"},{\"@type\":\"ListItem\",\"position\":2,\"name\":\"Joulupukki TV: responsabilit\u00e9 et d\u00e9veloppement durable\"}]},{\"@type\":\"WebSite\",\"@id\":\"https:\\\/\\\/www.joulupukkitv.com\\\/#website\",\"url\":\"https:\\\/\\\/www.joulupukkitv.com\\\/\",\"name\":\"Joulupukki TV\",\"description\":\"Video- ja www-tuotanto\",\"potentialAction\":[{\"@type\":\"SearchAction\",\"target\":{\"@type\":\"EntryPoint\",\"urlTemplate\":\"https:\\\/\\\/www.joulupukkitv.com\\\/search\\\/{search_term_string}\"},\"query-input\":{\"@type\":\"PropertyValueSpecification\",\"valueRequired\":true,\"valueName\":\"search_term_string\"}}],\"inLanguage\":\"fr-FR\"}]}<\/script>","yoast_head_json":{"title":"Joulupukki TV: responsabilit\u00e9 et d\u00e9veloppement durable","description":"Joulupukki TV: rJoulupukki TV: responsabilit\u00e9 et d\u00e9veloppement durable - la lutte contre changement climatique","robots":{"index":"index","follow":"follow","max-snippet":"max-snippet:-1","max-image-preview":"max-image-preview:large","max-video-preview":"max-video-preview:-1"},"canonical":"https:\/\/www.joulupukkitv.com\/fr\/responsibilite-developpement-durable\/","og_locale":"fr_FR","og_type":"article","og_title":"Joulupukki TV: responsabilit\u00e9 et d\u00e9veloppement durable","og_description":"Joulupukki TV: rJoulupukki TV: responsabilit\u00e9 et d\u00e9veloppement durable - la lutte contre changement climatique","og_url":"https:\/\/www.joulupukkitv.com\/fr\/responsibilite-developpement-durable\/","og_site_name":"Joulupukki TV","article_modified_time":"2025-02-21T09:02:47+00:00","og_image":[{"width":411,"height":163,"url":"https:\/\/www.joulupukkitv.com\/userassets\/uploads\/2024\/09\/reliable-partner.jpg","type":"image\/jpeg"}],"twitter_card":"summary_large_image","twitter_misc":{"Dur\u00e9e de lecture estim\u00e9e":"4 minutes"},"schema":{"@context":"https:\/\/schema.org","@graph":[{"@type":"WebPage","@id":"https:\/\/www.joulupukkitv.com\/fr\/responsibilite-developpement-durable\/","url":"https:\/\/www.joulupukkitv.com\/fr\/responsibilite-developpement-durable\/","name":"Joulupukki TV: responsabilit\u00e9 et d\u00e9veloppement durable","isPartOf":{"@id":"https:\/\/www.joulupukkitv.com\/#website"},"primaryImageOfPage":{"@id":"https:\/\/www.joulupukkitv.com\/fr\/responsibilite-developpement-durable\/#primaryimage"},"image":{"@id":"https:\/\/www.joulupukkitv.com\/fr\/responsibilite-developpement-durable\/#primaryimage"},"thumbnailUrl":"https:\/\/www.joulupukkitv.com\/userassets\/uploads\/2024\/09\/reliable-partner.jpg","datePublished":"2021-07-26T07:44:19+00:00","dateModified":"2025-02-21T09:02:47+00:00","description":"Joulupukki TV: rJoulupukki TV: responsabilit\u00e9 et d\u00e9veloppement durable - la lutte contre changement climatique","breadcrumb":{"@id":"https:\/\/www.joulupukkitv.com\/fr\/responsibilite-developpement-durable\/#breadcrumb"},"inLanguage":"fr-FR","potentialAction":[{"@type":"ReadAction","target":["https:\/\/www.joulupukkitv.com\/fr\/responsibilite-developpement-durable\/"]}]},{"@type":"ImageObject","inLanguage":"fr-FR","@id":"https:\/\/www.joulupukkitv.com\/fr\/responsibilite-developpement-durable\/#primaryimage","url":"https:\/\/www.joulupukkitv.com\/userassets\/uploads\/2024\/09\/reliable-partner.jpg","contentUrl":"https:\/\/www.joulupukkitv.com\/userassets\/uploads\/2024\/09\/reliable-partner.jpg"},{"@type":"BreadcrumbList","@id":"https:\/\/www.joulupukkitv.com\/fr\/responsibilite-developpement-durable\/#breadcrumb","itemListElement":[{"@type":"ListItem","position":1,"name":"Etusivu","item":"https:\/\/www.joulupukkitv.com\/fr\/"},{"@type":"ListItem","position":2,"name":"Joulupukki TV: responsabilit\u00e9 et d\u00e9veloppement durable"}]},{"@type":"WebSite","@id":"https:\/\/www.joulupukkitv.com\/#website","url":"https:\/\/www.joulupukkitv.com\/","name":"Joulupukki TV","description":"Video- ja www-tuotanto","potentialAction":[{"@type":"SearchAction","target":{"@type":"EntryPoint","urlTemplate":"https:\/\/www.joulupukkitv.com\/search\/{search_term_string}"},"query-input":{"@type":"PropertyValueSpecification","valueRequired":true,"valueName":"search_term_string"}}],"inLanguage":"fr-FR"}]}},"_links":{"self":[{"href":"https:\/\/www.joulupukkitv.com\/fr\/wp-json\/wp\/v2\/pages\/2498","targetHints":{"allow":["GET"]}}],"collection":[{"href":"https:\/\/www.joulupukkitv.com\/fr\/wp-json\/wp\/v2\/pages"}],"about":[{"href":"https:\/\/www.joulupukkitv.com\/fr\/wp-json\/wp\/v2\/types\/page"}],"author":[{"embeddable":true,"href":"https:\/\/www.joulupukkitv.com\/fr\/wp-json\/wp\/v2\/users\/3"}],"replies":[{"embeddable":true,"href":"https:\/\/www.joulupukkitv.com\/fr\/wp-json\/wp\/v2\/comments?post=2498"}],"version-history":[{"count":6,"href":"https:\/\/www.joulupukkitv.com\/fr\/wp-json\/wp\/v2\/pages\/2498\/revisions"}],"predecessor-version":[{"id":3349,"href":"https:\/\/www.joulupukkitv.com\/fr\/wp-json\/wp\/v2\/pages\/2498\/revisions\/3349"}],"wp:attachment":[{"href":"https:\/\/www.joulupukkitv.com\/fr\/wp-json\/wp\/v2\/media?parent=2498"}],"curies":[{"name":"wp","href":"https:\/\/api.w.org\/{rel}","templated":true}]}}