{"id":2515,"date":"2021-07-30T19:34:39","date_gmt":"2021-07-30T16:34:39","guid":{"rendered":"https:\/\/www.joulupukkitv.com\/customized-video-messages-from-real-santa-claus-lapland-finland\/"},"modified":"2026-03-17T22:05:58","modified_gmt":"2026-03-17T20:05:58","slug":"messages-video-personnalisees-vrai-pere-noel-laponie","status":"publish","type":"page","link":"https:\/\/www.joulupukkitv.com\/fr\/messages-video-personnalisees-vrai-pere-noel-laponie\/","title":{"rendered":"Messages vid\u00e9o personnalis\u00e9s pour les organisations &#038; enterprises de la part du P\u00e8re No\u00ebl en Laponie"},"content":{"rendered":"<p>Chaque ann\u00e9e Joulupukki TV, producteur de\u00a0 <a href=\"https:\/\/santatelevision.com\/perenoel\/\">Santatelevision<\/a>, r\u00e9alise des messages vid\u00e9o sur mesure de haute qualit\u00e9 pour les entreprises et les organisations du monde entier afin de c\u00e9l\u00e9brer la fin de l&rsquo;ann\u00e9e.<\/p>\n<p>Nos messages vid\u00e9o du P\u00e8re No\u00ebl peuvent \u00eatre r\u00e9alis\u00e9s, par exemple, pour les r\u00e9sidents d&rsquo;une ville ou d&rsquo;une r\u00e9gion, ou pour le personnel ou les clients d&rsquo;une entreprise.<\/p>\n<p>Nous pouvons filmer nos messages vid\u00e9o dans diff\u00e9rents lieux, comme dans nos studios de Joulupukki TV\/ Santatelevision\u00a0ou dans une authentique ferme de rennes.<\/p>\n<p>Pour que nos messages vid\u00e9o aient l&rsquo;air le plus authentique et le plus festif possible, nous pouvons \u00e9galement inclure nos propres archives vid\u00e9o sur des th\u00e8mes tels que les rennes, les paysages enneig\u00e9s, les images de drone en Laponie en hiver, etc.<\/p>\n<p>En g\u00e9n\u00e9ral, les messages vid\u00e9o sur mesure du P\u00e8re No\u00ebl durent<strong> 2 \u00e0 3 minutes<\/strong> et sont accompagn\u00e9s d&rsquo;une musique de fond li\u00e9e \u00e0 No\u00ebl.<\/p>\n<p>Depuis plus de dix ans, nous fournissons des messages vid\u00e9o du P\u00e8re No\u00ebl personnalis\u00e9s et de haute qualit\u00e9, et nous \u00e9crivons et planifions les messages en collaboration avec le client. Tant que les messages vid\u00e9o pr\u00e9servent l&rsquo;int\u00e9grit\u00e9 de la marque du <a href=\"https:\/\/perenoel.fi\/\">P\u00e8re No\u00ebl<\/a> de la\u00a0 <a href=\"https:\/\/laponie.fi\/\">Laponie finlandaise<\/a> et ne sont pas trop commerciaux, les possibilit\u00e9s sont quasi illimit\u00e9es !<\/p>\n<p>Veuillez nous contacter pour plus d&rsquo;info : company@santatelevision.com \/ t\u00e9l\u00e9phone : +358 40 835 1428<\/p>\n","protected":false},"excerpt":{"rendered":"<p>Chaque ann\u00e9e Joulupukki TV, producteur de\u00a0 Santatelevision, r\u00e9alise des messages vid\u00e9o sur mesure de haute qualit\u00e9 pour les entreprises et les organisations du monde entier afin de c\u00e9l\u00e9brer la fin de l&rsquo;ann\u00e9e. Nos messages vid\u00e9o du P\u00e8re No\u00ebl peuvent \u00eatre r\u00e9alis\u00e9s, par exemple, pour les r\u00e9sidents d&rsquo;une ville ou d&rsquo;une r\u00e9gion, ou pour le personnel &hellip; <a href=\"https:\/\/www.joulupukkitv.com\/fr\/messages-video-personnalisees-vrai-pere-noel-laponie\/\">Continued<\/a><\/p>\n","protected":false},"author":3,"featured_media":0,"parent":0,"menu_order":11,"comment_status":"closed","ping_status":"closed","template":"","meta":{"_acf_changed":false,"footnotes":""},"class_list":["post-2515","page","type-page","status-publish","hentry"],"acf":[],"yoast_head":"<title>Messages vid\u00e9o personnalis\u00e9s du vrai P\u00e8re No\u00ebl de Laponie Finlande<\/title>\n<meta name=\"description\" content=\"Joulupukki TV: Messages vid\u00e9o personnalis\u00e9s pour les organisations et les enterprises de la part du vrai P\u00e8re No\u00ebl en Laponie\" \/>\n<meta name=\"robots\" content=\"index, follow, max-snippet:-1, max-image-preview:large, max-video-preview:-1\" \/>\n<link rel=\"canonical\" href=\"https:\/\/www.joulupukkitv.com\/fr\/messages-video-personnalisees-vrai-pere-noel-laponie\/\" \/>\n<meta property=\"og:locale\" content=\"fr_FR\" \/>\n<meta property=\"og:type\" content=\"article\" \/>\n<meta property=\"og:title\" content=\"Messages vid\u00e9o personnalis\u00e9s du vrai P\u00e8re No\u00ebl de Laponie Finlande\" \/>\n<meta property=\"og:description\" content=\"Joulupukki TV: Messages vid\u00e9o personnalis\u00e9s pour les organisations et les enterprises de la part du vrai P\u00e8re No\u00ebl en Laponie\" \/>\n<meta property=\"og:url\" content=\"https:\/\/www.joulupukkitv.com\/fr\/messages-video-personnalisees-vrai-pere-noel-laponie\/\" \/>\n<meta property=\"og:site_name\" content=\"Joulupukki TV\" \/>\n<meta property=\"article:modified_time\" content=\"2026-03-17T20:05:58+00:00\" \/>\n<meta name=\"twitter:card\" content=\"summary_large_image\" \/>\n<meta name=\"twitter:label1\" content=\"Dur\u00e9e de lecture estim\u00e9e\" \/>\n\t<meta name=\"twitter:data1\" content=\"2 minutes\" \/>\n<script type=\"application\/ld+json\" class=\"yoast-schema-graph\">{\"@context\":\"https:\\\/\\\/schema.org\",\"@graph\":[{\"@type\":\"WebPage\",\"@id\":\"https:\\\/\\\/www.joulupukkitv.com\\\/fr\\\/messages-video-personnalisees-vrai-pere-noel-laponie\\\/\",\"url\":\"https:\\\/\\\/www.joulupukkitv.com\\\/fr\\\/messages-video-personnalisees-vrai-pere-noel-laponie\\\/\",\"name\":\"Messages vid\u00e9o personnalis\u00e9s du vrai P\u00e8re No\u00ebl de Laponie Finlande\",\"isPartOf\":{\"@id\":\"https:\\\/\\\/www.joulupukkitv.com\\\/#website\"},\"datePublished\":\"2021-07-30T16:34:39+00:00\",\"dateModified\":\"2026-03-17T20:05:58+00:00\",\"description\":\"Joulupukki TV: Messages vid\u00e9o personnalis\u00e9s pour les organisations et les enterprises de la part du vrai P\u00e8re No\u00ebl en Laponie\",\"breadcrumb\":{\"@id\":\"https:\\\/\\\/www.joulupukkitv.com\\\/fr\\\/messages-video-personnalisees-vrai-pere-noel-laponie\\\/#breadcrumb\"},\"inLanguage\":\"fr-FR\",\"potentialAction\":[{\"@type\":\"ReadAction\",\"target\":[\"https:\\\/\\\/www.joulupukkitv.com\\\/fr\\\/messages-video-personnalisees-vrai-pere-noel-laponie\\\/\"]}]},{\"@type\":\"BreadcrumbList\",\"@id\":\"https:\\\/\\\/www.joulupukkitv.com\\\/fr\\\/messages-video-personnalisees-vrai-pere-noel-laponie\\\/#breadcrumb\",\"itemListElement\":[{\"@type\":\"ListItem\",\"position\":1,\"name\":\"Etusivu\",\"item\":\"https:\\\/\\\/www.joulupukkitv.com\\\/fr\\\/\"},{\"@type\":\"ListItem\",\"position\":2,\"name\":\"Messages vid\u00e9o personnalis\u00e9s pour les organisations &#038; enterprises de la part du P\u00e8re No\u00ebl en Laponie\"}]},{\"@type\":\"WebSite\",\"@id\":\"https:\\\/\\\/www.joulupukkitv.com\\\/#website\",\"url\":\"https:\\\/\\\/www.joulupukkitv.com\\\/\",\"name\":\"Joulupukki TV\",\"description\":\"Video- ja www-tuotanto\",\"potentialAction\":[{\"@type\":\"SearchAction\",\"target\":{\"@type\":\"EntryPoint\",\"urlTemplate\":\"https:\\\/\\\/www.joulupukkitv.com\\\/search\\\/{search_term_string}\"},\"query-input\":{\"@type\":\"PropertyValueSpecification\",\"valueRequired\":true,\"valueName\":\"search_term_string\"}}],\"inLanguage\":\"fr-FR\"}]}<\/script>","yoast_head_json":{"title":"Messages vid\u00e9o personnalis\u00e9s du vrai P\u00e8re No\u00ebl de Laponie Finlande","description":"Joulupukki TV: Messages vid\u00e9o personnalis\u00e9s pour les organisations et les enterprises de la part du vrai P\u00e8re No\u00ebl en Laponie","robots":{"index":"index","follow":"follow","max-snippet":"max-snippet:-1","max-image-preview":"max-image-preview:large","max-video-preview":"max-video-preview:-1"},"canonical":"https:\/\/www.joulupukkitv.com\/fr\/messages-video-personnalisees-vrai-pere-noel-laponie\/","og_locale":"fr_FR","og_type":"article","og_title":"Messages vid\u00e9o personnalis\u00e9s du vrai P\u00e8re No\u00ebl de Laponie Finlande","og_description":"Joulupukki TV: Messages vid\u00e9o personnalis\u00e9s pour les organisations et les enterprises de la part du vrai P\u00e8re No\u00ebl en Laponie","og_url":"https:\/\/www.joulupukkitv.com\/fr\/messages-video-personnalisees-vrai-pere-noel-laponie\/","og_site_name":"Joulupukki TV","article_modified_time":"2026-03-17T20:05:58+00:00","twitter_card":"summary_large_image","twitter_misc":{"Dur\u00e9e de lecture estim\u00e9e":"2 minutes"},"schema":{"@context":"https:\/\/schema.org","@graph":[{"@type":"WebPage","@id":"https:\/\/www.joulupukkitv.com\/fr\/messages-video-personnalisees-vrai-pere-noel-laponie\/","url":"https:\/\/www.joulupukkitv.com\/fr\/messages-video-personnalisees-vrai-pere-noel-laponie\/","name":"Messages vid\u00e9o personnalis\u00e9s du vrai P\u00e8re No\u00ebl de Laponie Finlande","isPartOf":{"@id":"https:\/\/www.joulupukkitv.com\/#website"},"datePublished":"2021-07-30T16:34:39+00:00","dateModified":"2026-03-17T20:05:58+00:00","description":"Joulupukki TV: Messages vid\u00e9o personnalis\u00e9s pour les organisations et les enterprises de la part du vrai P\u00e8re No\u00ebl en Laponie","breadcrumb":{"@id":"https:\/\/www.joulupukkitv.com\/fr\/messages-video-personnalisees-vrai-pere-noel-laponie\/#breadcrumb"},"inLanguage":"fr-FR","potentialAction":[{"@type":"ReadAction","target":["https:\/\/www.joulupukkitv.com\/fr\/messages-video-personnalisees-vrai-pere-noel-laponie\/"]}]},{"@type":"BreadcrumbList","@id":"https:\/\/www.joulupukkitv.com\/fr\/messages-video-personnalisees-vrai-pere-noel-laponie\/#breadcrumb","itemListElement":[{"@type":"ListItem","position":1,"name":"Etusivu","item":"https:\/\/www.joulupukkitv.com\/fr\/"},{"@type":"ListItem","position":2,"name":"Messages vid\u00e9o personnalis\u00e9s pour les organisations &#038; enterprises de la part du P\u00e8re No\u00ebl en Laponie"}]},{"@type":"WebSite","@id":"https:\/\/www.joulupukkitv.com\/#website","url":"https:\/\/www.joulupukkitv.com\/","name":"Joulupukki TV","description":"Video- ja www-tuotanto","potentialAction":[{"@type":"SearchAction","target":{"@type":"EntryPoint","urlTemplate":"https:\/\/www.joulupukkitv.com\/search\/{search_term_string}"},"query-input":{"@type":"PropertyValueSpecification","valueRequired":true,"valueName":"search_term_string"}}],"inLanguage":"fr-FR"}]}},"_links":{"self":[{"href":"https:\/\/www.joulupukkitv.com\/fr\/wp-json\/wp\/v2\/pages\/2515","targetHints":{"allow":["GET"]}}],"collection":[{"href":"https:\/\/www.joulupukkitv.com\/fr\/wp-json\/wp\/v2\/pages"}],"about":[{"href":"https:\/\/www.joulupukkitv.com\/fr\/wp-json\/wp\/v2\/types\/page"}],"author":[{"embeddable":true,"href":"https:\/\/www.joulupukkitv.com\/fr\/wp-json\/wp\/v2\/users\/3"}],"replies":[{"embeddable":true,"href":"https:\/\/www.joulupukkitv.com\/fr\/wp-json\/wp\/v2\/comments?post=2515"}],"version-history":[{"count":6,"href":"https:\/\/www.joulupukkitv.com\/fr\/wp-json\/wp\/v2\/pages\/2515\/revisions"}],"predecessor-version":[{"id":3772,"href":"https:\/\/www.joulupukkitv.com\/fr\/wp-json\/wp\/v2\/pages\/2515\/revisions\/3772"}],"wp:attachment":[{"href":"https:\/\/www.joulupukkitv.com\/fr\/wp-json\/wp\/v2\/media?parent=2515"}],"curies":[{"name":"wp","href":"https:\/\/api.w.org\/{rel}","templated":true}]}}