{"id":2615,"date":"2021-08-14T10:31:03","date_gmt":"2021-08-14T07:31:03","guid":{"rendered":"https:\/\/www.joulupukkitv.com\/training-rovaniemi-santa-claus-village-lapland-finland\/"},"modified":"2026-03-05T19:08:08","modified_gmt":"2026-03-05T17:08:08","slug":"stage-rovaniemi-village-pere-noel-laponie-finlande","status":"publish","type":"page","link":"https:\/\/www.joulupukkitv.com\/fr\/stage-rovaniemi-village-pere-noel-laponie-finlande\/","title":{"rendered":"Faites un stage chez Joulupukki TV Santatelevision \u00e0 Rovaniemi, au c\u0153ur de l&rsquo;industrie du tourisme du Village du P\u00e8re No\u00ebl en Laponie, Finlande"},"content":{"rendered":"<p><strong>Devenez stagiaire pour Joulupukki TV \u00e0 Rovaniemi en Finlande, soci\u00e9t\u00e9 de production \u00a0de contenu audiovisuel et digitale en Laponie.<\/strong><\/p>\n<p>Depuis 2000, Joulupukki TV \/ Santatelevision accueille depuis plus de 20 ans chaque ann\u00e9e 2 \u00e0 3 stagiaires motiv\u00e9s du niveau universitaire. Dans notre PME, vous d\u00e9couvrirez le fonctionnement du <strong>Village du P\u00e8re No\u00ebl<\/strong> de Rovaniemi et de l&rsquo;industrie du tourisme en Laponie, tout en travaillant dans un environnement de travail v\u00e9ritablement international. Vos t\u00e2ches seront g\u00e9n\u00e9ralement li\u00e9es \u00e0 la communication et au marketing num\u00e9riques, ainsi qu&rsquo;aux productions audiovisuelles li\u00e9es au tourisme en Laponie finlandaise (en fonction de vos comp\u00e9tences et de votre profil). Le d\u00e9veloppement de contenu pour notre populaire cha\u00eene YouTube (<a href=\"http:\/\/www.youtube.com\/santatelevision\">www.youtube.com\/santatelevision<\/a> \/ <a href=\"http:\/\/www.santatelevision.com\">www.santatelevision.com<\/a>) joue \u00e9galement un r\u00f4le important dans la formation.<\/p>\n<p>Les stages dans notre petite mais dynamique entreprise durent g\u00e9n\u00e9ralement de 3 \u00e0 6 mois. Nous pr\u00e9f\u00e9rons le stage le plus long possible, afin de donner au stagiaire le temps d&rsquo;apprendre de la mani\u00e8re la plus polyvalente et la plus approfondie possible.<\/p>\n<p>Nous prenons des stagiaires principalement entre septembre et mars.<\/p>\n<p><strong>N&rsquo;h\u00e9sitez pas \u00e0 nous contacter !<\/strong><\/p>\n","protected":false},"excerpt":{"rendered":"<p>Devenez stagiaire pour Joulupukki TV \u00e0 Rovaniemi en Finlande, soci\u00e9t\u00e9 de production \u00a0de contenu audiovisuel et digitale en Laponie. Depuis 2000, Joulupukki TV \/ Santatelevision accueille depuis plus de 20 ans chaque ann\u00e9e 2 \u00e0 3 stagiaires motiv\u00e9s du niveau universitaire. Dans notre PME, vous d\u00e9couvrirez le fonctionnement du Village du P\u00e8re No\u00ebl de Rovaniemi &hellip; <a href=\"https:\/\/www.joulupukkitv.com\/fr\/stage-rovaniemi-village-pere-noel-laponie-finlande\/\">Continued<\/a><\/p>\n","protected":false},"author":3,"featured_media":0,"parent":0,"menu_order":8,"comment_status":"closed","ping_status":"closed","template":"","meta":{"_acf_changed":false,"footnotes":""},"class_list":["post-2615","page","type-page","status-publish","hentry"],"acf":[],"yoast_head":"<title>Stage chez Joulupukki TV Rovaniemi Village du P\u00e8re No\u00ebl Laponie Finlande<\/title>\n<meta name=\"description\" content=\"Stage chez Joulupukki TV Santatelevision \u00e0 Rovaniemi, au c\u0153ur de l&#039;industrie du tourisme du Village du P\u00e8re No\u00ebl en Laponie Finlande\" \/>\n<meta name=\"robots\" content=\"index, follow, max-snippet:-1, max-image-preview:large, max-video-preview:-1\" \/>\n<link rel=\"canonical\" href=\"https:\/\/www.joulupukkitv.com\/fr\/stage-rovaniemi-village-pere-noel-laponie-finlande\/\" \/>\n<meta property=\"og:locale\" content=\"fr_FR\" \/>\n<meta property=\"og:type\" content=\"article\" \/>\n<meta property=\"og:title\" content=\"Stage chez Joulupukki TV Rovaniemi Village du P\u00e8re No\u00ebl Laponie Finlande\" \/>\n<meta property=\"og:description\" content=\"Stage chez Joulupukki TV Santatelevision \u00e0 Rovaniemi, au c\u0153ur de l&#039;industrie du tourisme du Village du P\u00e8re No\u00ebl en Laponie Finlande\" \/>\n<meta property=\"og:url\" content=\"https:\/\/www.joulupukkitv.com\/fr\/stage-rovaniemi-village-pere-noel-laponie-finlande\/\" \/>\n<meta property=\"og:site_name\" content=\"Joulupukki TV\" \/>\n<meta property=\"article:modified_time\" content=\"2026-03-05T17:08:08+00:00\" \/>\n<meta name=\"twitter:card\" content=\"summary_large_image\" \/>\n<meta name=\"twitter:label1\" content=\"Dur\u00e9e de lecture estim\u00e9e\" \/>\n\t<meta name=\"twitter:data1\" content=\"2 minutes\" \/>\n<script type=\"application\/ld+json\" class=\"yoast-schema-graph\">{\"@context\":\"https:\\\/\\\/schema.org\",\"@graph\":[{\"@type\":\"WebPage\",\"@id\":\"https:\\\/\\\/www.joulupukkitv.com\\\/fr\\\/stage-rovaniemi-village-pere-noel-laponie-finlande\\\/\",\"url\":\"https:\\\/\\\/www.joulupukkitv.com\\\/fr\\\/stage-rovaniemi-village-pere-noel-laponie-finlande\\\/\",\"name\":\"Stage chez Joulupukki TV Rovaniemi Village du P\u00e8re No\u00ebl Laponie Finlande\",\"isPartOf\":{\"@id\":\"https:\\\/\\\/www.joulupukkitv.com\\\/#website\"},\"datePublished\":\"2021-08-14T07:31:03+00:00\",\"dateModified\":\"2026-03-05T17:08:08+00:00\",\"description\":\"Stage chez Joulupukki TV Santatelevision \u00e0 Rovaniemi, au c\u0153ur de l'industrie du tourisme du Village du P\u00e8re No\u00ebl en Laponie Finlande\",\"breadcrumb\":{\"@id\":\"https:\\\/\\\/www.joulupukkitv.com\\\/fr\\\/stage-rovaniemi-village-pere-noel-laponie-finlande\\\/#breadcrumb\"},\"inLanguage\":\"fr-FR\",\"potentialAction\":[{\"@type\":\"ReadAction\",\"target\":[\"https:\\\/\\\/www.joulupukkitv.com\\\/fr\\\/stage-rovaniemi-village-pere-noel-laponie-finlande\\\/\"]}]},{\"@type\":\"BreadcrumbList\",\"@id\":\"https:\\\/\\\/www.joulupukkitv.com\\\/fr\\\/stage-rovaniemi-village-pere-noel-laponie-finlande\\\/#breadcrumb\",\"itemListElement\":[{\"@type\":\"ListItem\",\"position\":1,\"name\":\"Etusivu\",\"item\":\"https:\\\/\\\/www.joulupukkitv.com\\\/fr\\\/\"},{\"@type\":\"ListItem\",\"position\":2,\"name\":\"Faites un stage chez Joulupukki TV Santatelevision \u00e0 Rovaniemi, au c\u0153ur de l&#8217;industrie du tourisme du Village du P\u00e8re No\u00ebl en Laponie, Finlande\"}]},{\"@type\":\"WebSite\",\"@id\":\"https:\\\/\\\/www.joulupukkitv.com\\\/#website\",\"url\":\"https:\\\/\\\/www.joulupukkitv.com\\\/\",\"name\":\"Joulupukki TV\",\"description\":\"Video- ja www-tuotanto\",\"potentialAction\":[{\"@type\":\"SearchAction\",\"target\":{\"@type\":\"EntryPoint\",\"urlTemplate\":\"https:\\\/\\\/www.joulupukkitv.com\\\/search\\\/{search_term_string}\"},\"query-input\":{\"@type\":\"PropertyValueSpecification\",\"valueRequired\":true,\"valueName\":\"search_term_string\"}}],\"inLanguage\":\"fr-FR\"}]}<\/script>","yoast_head_json":{"title":"Stage chez Joulupukki TV Rovaniemi Village du P\u00e8re No\u00ebl Laponie Finlande","description":"Stage chez Joulupukki TV Santatelevision \u00e0 Rovaniemi, au c\u0153ur de l'industrie du tourisme du Village du P\u00e8re No\u00ebl en Laponie Finlande","robots":{"index":"index","follow":"follow","max-snippet":"max-snippet:-1","max-image-preview":"max-image-preview:large","max-video-preview":"max-video-preview:-1"},"canonical":"https:\/\/www.joulupukkitv.com\/fr\/stage-rovaniemi-village-pere-noel-laponie-finlande\/","og_locale":"fr_FR","og_type":"article","og_title":"Stage chez Joulupukki TV Rovaniemi Village du P\u00e8re No\u00ebl Laponie Finlande","og_description":"Stage chez Joulupukki TV Santatelevision \u00e0 Rovaniemi, au c\u0153ur de l'industrie du tourisme du Village du P\u00e8re No\u00ebl en Laponie Finlande","og_url":"https:\/\/www.joulupukkitv.com\/fr\/stage-rovaniemi-village-pere-noel-laponie-finlande\/","og_site_name":"Joulupukki TV","article_modified_time":"2026-03-05T17:08:08+00:00","twitter_card":"summary_large_image","twitter_misc":{"Dur\u00e9e de lecture estim\u00e9e":"2 minutes"},"schema":{"@context":"https:\/\/schema.org","@graph":[{"@type":"WebPage","@id":"https:\/\/www.joulupukkitv.com\/fr\/stage-rovaniemi-village-pere-noel-laponie-finlande\/","url":"https:\/\/www.joulupukkitv.com\/fr\/stage-rovaniemi-village-pere-noel-laponie-finlande\/","name":"Stage chez Joulupukki TV Rovaniemi Village du P\u00e8re No\u00ebl Laponie Finlande","isPartOf":{"@id":"https:\/\/www.joulupukkitv.com\/#website"},"datePublished":"2021-08-14T07:31:03+00:00","dateModified":"2026-03-05T17:08:08+00:00","description":"Stage chez Joulupukki TV Santatelevision \u00e0 Rovaniemi, au c\u0153ur de l'industrie du tourisme du Village du P\u00e8re No\u00ebl en Laponie Finlande","breadcrumb":{"@id":"https:\/\/www.joulupukkitv.com\/fr\/stage-rovaniemi-village-pere-noel-laponie-finlande\/#breadcrumb"},"inLanguage":"fr-FR","potentialAction":[{"@type":"ReadAction","target":["https:\/\/www.joulupukkitv.com\/fr\/stage-rovaniemi-village-pere-noel-laponie-finlande\/"]}]},{"@type":"BreadcrumbList","@id":"https:\/\/www.joulupukkitv.com\/fr\/stage-rovaniemi-village-pere-noel-laponie-finlande\/#breadcrumb","itemListElement":[{"@type":"ListItem","position":1,"name":"Etusivu","item":"https:\/\/www.joulupukkitv.com\/fr\/"},{"@type":"ListItem","position":2,"name":"Faites un stage chez Joulupukki TV Santatelevision \u00e0 Rovaniemi, au c\u0153ur de l&#8217;industrie du tourisme du Village du P\u00e8re No\u00ebl en Laponie, Finlande"}]},{"@type":"WebSite","@id":"https:\/\/www.joulupukkitv.com\/#website","url":"https:\/\/www.joulupukkitv.com\/","name":"Joulupukki TV","description":"Video- ja www-tuotanto","potentialAction":[{"@type":"SearchAction","target":{"@type":"EntryPoint","urlTemplate":"https:\/\/www.joulupukkitv.com\/search\/{search_term_string}"},"query-input":{"@type":"PropertyValueSpecification","valueRequired":true,"valueName":"search_term_string"}}],"inLanguage":"fr-FR"}]}},"_links":{"self":[{"href":"https:\/\/www.joulupukkitv.com\/fr\/wp-json\/wp\/v2\/pages\/2615","targetHints":{"allow":["GET"]}}],"collection":[{"href":"https:\/\/www.joulupukkitv.com\/fr\/wp-json\/wp\/v2\/pages"}],"about":[{"href":"https:\/\/www.joulupukkitv.com\/fr\/wp-json\/wp\/v2\/types\/page"}],"author":[{"embeddable":true,"href":"https:\/\/www.joulupukkitv.com\/fr\/wp-json\/wp\/v2\/users\/3"}],"replies":[{"embeddable":true,"href":"https:\/\/www.joulupukkitv.com\/fr\/wp-json\/wp\/v2\/comments?post=2615"}],"version-history":[{"count":6,"href":"https:\/\/www.joulupukkitv.com\/fr\/wp-json\/wp\/v2\/pages\/2615\/revisions"}],"predecessor-version":[{"id":3679,"href":"https:\/\/www.joulupukkitv.com\/fr\/wp-json\/wp\/v2\/pages\/2615\/revisions\/3679"}],"wp:attachment":[{"href":"https:\/\/www.joulupukkitv.com\/fr\/wp-json\/wp\/v2\/media?parent=2615"}],"curies":[{"name":"wp","href":"https:\/\/api.w.org\/{rel}","templated":true}]}}