{"id":3773,"date":"2026-03-08T19:51:14","date_gmt":"2026-03-08T17:51:14","guid":{"rendered":"https:\/\/www.joulupukkitv.com\/santa-claus-services-visits-rovaniemi-lapland\/"},"modified":"2026-03-26T20:06:08","modified_gmt":"2026-03-26T18:06:08","slug":"services-et-visites-du-pere-noel-a-rovaniemi-laponie","status":"publish","type":"page","link":"https:\/\/www.joulupukkitv.com\/fr\/services-et-visites-du-pere-noel-a-rovaniemi-laponie\/","title":{"rendered":"Services et visites du P\u00e8re No\u00ebl \u00e0 Rovaniemi, Laponie"},"content":{"rendered":"<p><strong>Les prestations uniques de P\u00e8re No\u00ebl de Santatelevision:\u00a0 services et visites \u00e0 Rovaniemi, Laponie<\/strong><\/p>\n<p data-start=\"157\" data-end=\"667\">Joulupukki TV \/ Santatelevision est une entreprise bas\u00e9e \u00e0 Rovaniemi, en Laponie finlandaise, \u00e9galement sp\u00e9cialis\u00e9e dans les prestations et visites professionnelles de P\u00e8re No\u00ebl. Depuis plus de<strong> 15 ans<\/strong>, notre entreprise propose des services de P\u00e8re No\u00ebl dans la r\u00e9gion de Rovaniemi et \u00e0 Pello, y compris au Village du P\u00e8re No\u00ebl. Nous avons travaill\u00e9 avec des familles, des entreprises, des productions m\u00e9diatiques et des visiteurs internationaux \u00e0 la recherche d\u2019une rencontre authentique avec le P\u00e8re No\u00ebl.<\/p>\n<p data-start=\"669\" data-end=\"798\">Nous op\u00e9rons principalement dans la r\u00e9gion de Rovaniemi ainsi que dans les municipalit\u00e9s voisines de Pello, Ylitornio et Tervola.<\/p>\n<p data-start=\"800\" data-end=\"1349\">Nos services de P\u00e8re No\u00ebl comprennent :<br \/>\n\u2022 Visites priv\u00e9es du P\u00e8re No\u00ebl dans des chalets, appartements, h\u00f4tels, maisons ou lors d\u2019\u00e9v\u00e9nements sp\u00e9ciaux<br data-start=\"934\" data-end=\"937\" \/>\u2022 Apparitions du P\u00e8re No\u00ebl lors d\u2019\u00e9v\u00e9nements d\u2019entreprise, de f\u00eates de No\u00ebl et de c\u00e9l\u00e9brations festives<br data-start=\"1040\" data-end=\"1043\" \/>\u2022 Remise de cadeaux et s\u00e9ances photo avec le P\u00e8re No\u00ebl, cr\u00e9ant des moments inoubliables pour les enfants comme pour les adultes<br \/>\n\u2022 Messages vid\u00e9o personnalis\u00e9s du P\u00e8re No\u00ebl pour les entreprises, les familles et les particuliers<br data-start=\"1271\" data-end=\"1274\" \/>\u2022 Services de P\u00e8re No\u00ebl pour des productions TV, vid\u00e9o et r\u00e9seaux sociaux<\/p>\n<p>&nbsp;<\/p>\n<p><img loading=\"lazy\" decoding=\"async\" src=\"https:\/\/www.joulupukkitv.com\/userassets\/uploads\/2026\/03\/JTV08870-Enhanced-NR-1-834x555.jpg\" alt=\"\" width=\"834\" height=\"555\" class=\"img-responsive alignnone wp-image-3797 size-large\" srcset=\"https:\/\/www.joulupukkitv.com\/userassets\/uploads\/2026\/03\/JTV08870-Enhanced-NR-1-834x555.jpg 834w, https:\/\/www.joulupukkitv.com\/userassets\/uploads\/2026\/03\/JTV08870-Enhanced-NR-1-500x333.jpg 500w, https:\/\/www.joulupukkitv.com\/userassets\/uploads\/2026\/03\/JTV08870-Enhanced-NR-1-768x512.jpg 768w, https:\/\/www.joulupukkitv.com\/userassets\/uploads\/2026\/03\/JTV08870-Enhanced-NR-1-1536x1023.jpg 1536w, https:\/\/www.joulupukkitv.com\/userassets\/uploads\/2026\/03\/JTV08870-Enhanced-NR-1-150x100.jpg 150w, https:\/\/www.joulupukkitv.com\/userassets\/uploads\/2026\/03\/JTV08870-Enhanced-NR-1-1140x759.jpg 1140w, https:\/\/www.joulupukkitv.com\/userassets\/uploads\/2026\/03\/JTV08870-Enhanced-NR-1-260x173.jpg 260w, https:\/\/www.joulupukkitv.com\/userassets\/uploads\/2026\/03\/JTV08870-Enhanced-NR-1-825x549.jpg 825w, https:\/\/www.joulupukkitv.com\/userassets\/uploads\/2026\/03\/JTV08870-Enhanced-NR-1.jpg 2048w\" sizes=\"auto, (max-width: 834px) 100vw, 834px\" \/><\/p>\n<p>Notre P\u00e8re No\u00ebl est interpr\u00e9t\u00e9 par un artiste exp\u00e9riment\u00e9 et soigneusement form\u00e9, qui incarne pleinement l\u2019esprit traditionnel et l\u2019apparence authentique que l\u2019on attend du P\u00e8re No\u00ebl de Laponie finlandaise. Nous mettons l\u2019accent sur des prestations de haute qualit\u00e9 et authentiques, afin que chaque visite soit chaleureuse, professionnelle et v\u00e9ritablement m\u00e9morable.<\/p>\n<p>&nbsp;<\/p>\n<p><img loading=\"lazy\" decoding=\"async\" src=\"https:\/\/www.joulupukkitv.com\/userassets\/uploads\/2026\/03\/JTV07998-834x556.jpg\" alt=\"\" width=\"834\" height=\"556\" class=\"img-responsive alignnone wp-image-3694 size-large\" srcset=\"https:\/\/www.joulupukkitv.com\/userassets\/uploads\/2026\/03\/JTV07998-834x556.jpg 834w, https:\/\/www.joulupukkitv.com\/userassets\/uploads\/2026\/03\/JTV07998-500x333.jpg 500w, https:\/\/www.joulupukkitv.com\/userassets\/uploads\/2026\/03\/JTV07998-768x512.jpg 768w, https:\/\/www.joulupukkitv.com\/userassets\/uploads\/2026\/03\/JTV07998-1536x1025.jpg 1536w, https:\/\/www.joulupukkitv.com\/userassets\/uploads\/2026\/03\/JTV07998-150x100.jpg 150w, https:\/\/www.joulupukkitv.com\/userassets\/uploads\/2026\/03\/JTV07998-1140x760.jpg 1140w, https:\/\/www.joulupukkitv.com\/userassets\/uploads\/2026\/03\/JTV07998-260x173.jpg 260w, https:\/\/www.joulupukkitv.com\/userassets\/uploads\/2026\/03\/JTV07998-825x550.jpg 825w, https:\/\/www.joulupukkitv.com\/userassets\/uploads\/2026\/03\/JTV07998.jpg 2048w\" sizes=\"auto, (max-width: 834px) 100vw, 834px\" \/><\/p>\n<p data-start=\"1720\" data-end=\"2026\">Nous pouvons peuvent \u00e9galement communiquer en <strong>fran\u00e7ais<\/strong> en plus de l\u2019anglais et du finnois. Si vous souhaitez que le P\u00e8re No\u00ebl parle une langue sp\u00e9cifique lors de la visite, merci de nous en informer \u00e0 l\u2019avance afin que nous puissions essayer d\u2019organiser l\u2019intervenant appropri\u00e9.<\/p>\n<p data-start=\"2028\" data-end=\"2170\">N\u2019h\u00e9sitez pas \u00e0 nous contacter pour plus d\u2019informations ou pour demander un devis. \ud83c\udf85<br data-start=\"2113\" data-end=\"2116\" \/><a data-start=\"2116\" data-end=\"2143\" class=\"decorated-link cursor-pointer\" rel=\"noopener\">company@santatelevision.com<span aria-hidden=\"true\" class=\"ms-0.5 inline-block align-middle leading-none\"><svg xmlns=\"http:\/\/www.w3.org\/2000\/svg\" width=\"20\" height=\"20\" aria-hidden=\"true\" data-rtl-flip=\"\" class=\"block h-[0.75em] w-[0.75em] stroke-current stroke-[0.75]\"><use href=\"\/cdn\/assets\/sprites-core-il7yfj1b.svg#304883\" fill=\"currentColor\"><\/use><\/svg><\/span><\/a> &amp; Mobile : +358 40 8351428<\/p>\n","protected":false},"excerpt":{"rendered":"<p>Les prestations uniques de P\u00e8re No\u00ebl de Santatelevision:\u00a0 services et visites \u00e0 Rovaniemi, Laponie Joulupukki TV \/ Santatelevision est une entreprise bas\u00e9e \u00e0 Rovaniemi, en Laponie finlandaise, \u00e9galement sp\u00e9cialis\u00e9e dans les prestations et visites professionnelles de P\u00e8re No\u00ebl. Depuis plus de 15 ans, notre entreprise propose des services de P\u00e8re No\u00ebl dans la r\u00e9gion de &hellip; <a href=\"https:\/\/www.joulupukkitv.com\/fr\/services-et-visites-du-pere-noel-a-rovaniemi-laponie\/\">Continued<\/a><\/p>\n","protected":false},"author":3,"featured_media":0,"parent":0,"menu_order":3,"comment_status":"closed","ping_status":"closed","template":"","meta":{"_acf_changed":false,"footnotes":""},"class_list":["post-3773","page","type-page","status-publish","hentry"],"acf":[],"yoast_head":"<title>Services et visites du P\u00e8re No\u00ebl \u00e0 Rovaniemi, Laponie - Joulupukki TV<\/title>\n<meta name=\"robots\" content=\"index, follow, max-snippet:-1, max-image-preview:large, max-video-preview:-1\" \/>\n<link rel=\"canonical\" href=\"https:\/\/www.joulupukkitv.com\/fr\/services-et-visites-du-pere-noel-a-rovaniemi-laponie\/\" \/>\n<meta property=\"og:locale\" content=\"fr_FR\" \/>\n<meta property=\"og:type\" content=\"article\" \/>\n<meta property=\"og:title\" content=\"Services et visites du P\u00e8re No\u00ebl \u00e0 Rovaniemi, Laponie - Joulupukki TV\" \/>\n<meta property=\"og:description\" content=\"Les prestations uniques de P\u00e8re No\u00ebl de Santatelevision:\u00a0 services et visites \u00e0 Rovaniemi, Laponie Joulupukki TV \/ Santatelevision est une entreprise bas\u00e9e \u00e0 Rovaniemi, en Laponie finlandaise, \u00e9galement sp\u00e9cialis\u00e9e dans les prestations et visites professionnelles de P\u00e8re No\u00ebl. Depuis plus de 15 ans, notre entreprise propose des services de P\u00e8re No\u00ebl dans la r\u00e9gion de &hellip; Continued\" \/>\n<meta property=\"og:url\" content=\"https:\/\/www.joulupukkitv.com\/fr\/services-et-visites-du-pere-noel-a-rovaniemi-laponie\/\" \/>\n<meta property=\"og:site_name\" content=\"Joulupukki TV\" \/>\n<meta property=\"article:modified_time\" content=\"2026-03-26T18:06:08+00:00\" \/>\n<meta property=\"og:image\" content=\"https:\/\/www.joulupukkitv.com\/userassets\/uploads\/2026\/03\/JTV08870-Enhanced-NR-1.jpg\" \/>\n\t<meta property=\"og:image:width\" content=\"2048\" \/>\n\t<meta property=\"og:image:height\" content=\"1364\" \/>\n\t<meta property=\"og:image:type\" content=\"image\/jpeg\" \/>\n<meta name=\"twitter:card\" content=\"summary_large_image\" \/>\n<meta name=\"twitter:label1\" content=\"Dur\u00e9e de lecture estim\u00e9e\" \/>\n\t<meta name=\"twitter:data1\" content=\"3 minutes\" \/>\n<script type=\"application\/ld+json\" class=\"yoast-schema-graph\">{\"@context\":\"https:\\\/\\\/schema.org\",\"@graph\":[{\"@type\":\"WebPage\",\"@id\":\"https:\\\/\\\/www.joulupukkitv.com\\\/fr\\\/services-et-visites-du-pere-noel-a-rovaniemi-laponie\\\/\",\"url\":\"https:\\\/\\\/www.joulupukkitv.com\\\/fr\\\/services-et-visites-du-pere-noel-a-rovaniemi-laponie\\\/\",\"name\":\"Services et visites du P\u00e8re No\u00ebl \u00e0 Rovaniemi, Laponie - Joulupukki TV\",\"isPartOf\":{\"@id\":\"https:\\\/\\\/www.joulupukkitv.com\\\/#website\"},\"primaryImageOfPage\":{\"@id\":\"https:\\\/\\\/www.joulupukkitv.com\\\/fr\\\/services-et-visites-du-pere-noel-a-rovaniemi-laponie\\\/#primaryimage\"},\"image\":{\"@id\":\"https:\\\/\\\/www.joulupukkitv.com\\\/fr\\\/services-et-visites-du-pere-noel-a-rovaniemi-laponie\\\/#primaryimage\"},\"thumbnailUrl\":\"https:\\\/\\\/www.joulupukkitv.com\\\/userassets\\\/uploads\\\/2026\\\/03\\\/JTV08870-Enhanced-NR-1-834x555.jpg\",\"datePublished\":\"2026-03-08T17:51:14+00:00\",\"dateModified\":\"2026-03-26T18:06:08+00:00\",\"breadcrumb\":{\"@id\":\"https:\\\/\\\/www.joulupukkitv.com\\\/fr\\\/services-et-visites-du-pere-noel-a-rovaniemi-laponie\\\/#breadcrumb\"},\"inLanguage\":\"fr-FR\",\"potentialAction\":[{\"@type\":\"ReadAction\",\"target\":[\"https:\\\/\\\/www.joulupukkitv.com\\\/fr\\\/services-et-visites-du-pere-noel-a-rovaniemi-laponie\\\/\"]}]},{\"@type\":\"ImageObject\",\"inLanguage\":\"fr-FR\",\"@id\":\"https:\\\/\\\/www.joulupukkitv.com\\\/fr\\\/services-et-visites-du-pere-noel-a-rovaniemi-laponie\\\/#primaryimage\",\"url\":\"https:\\\/\\\/www.joulupukkitv.com\\\/userassets\\\/uploads\\\/2026\\\/03\\\/JTV08870-Enhanced-NR-1-834x555.jpg\",\"contentUrl\":\"https:\\\/\\\/www.joulupukkitv.com\\\/userassets\\\/uploads\\\/2026\\\/03\\\/JTV08870-Enhanced-NR-1-834x555.jpg\"},{\"@type\":\"BreadcrumbList\",\"@id\":\"https:\\\/\\\/www.joulupukkitv.com\\\/fr\\\/services-et-visites-du-pere-noel-a-rovaniemi-laponie\\\/#breadcrumb\",\"itemListElement\":[{\"@type\":\"ListItem\",\"position\":1,\"name\":\"Etusivu\",\"item\":\"https:\\\/\\\/www.joulupukkitv.com\\\/fr\\\/\"},{\"@type\":\"ListItem\",\"position\":2,\"name\":\"Services et visites du P\u00e8re No\u00ebl \u00e0 Rovaniemi, Laponie\"}]},{\"@type\":\"WebSite\",\"@id\":\"https:\\\/\\\/www.joulupukkitv.com\\\/#website\",\"url\":\"https:\\\/\\\/www.joulupukkitv.com\\\/\",\"name\":\"Joulupukki TV\",\"description\":\"Video- ja www-tuotanto\",\"potentialAction\":[{\"@type\":\"SearchAction\",\"target\":{\"@type\":\"EntryPoint\",\"urlTemplate\":\"https:\\\/\\\/www.joulupukkitv.com\\\/search\\\/{search_term_string}\"},\"query-input\":{\"@type\":\"PropertyValueSpecification\",\"valueRequired\":true,\"valueName\":\"search_term_string\"}}],\"inLanguage\":\"fr-FR\"}]}<\/script>","yoast_head_json":{"title":"Services et visites du P\u00e8re No\u00ebl \u00e0 Rovaniemi, Laponie - Joulupukki TV","robots":{"index":"index","follow":"follow","max-snippet":"max-snippet:-1","max-image-preview":"max-image-preview:large","max-video-preview":"max-video-preview:-1"},"canonical":"https:\/\/www.joulupukkitv.com\/fr\/services-et-visites-du-pere-noel-a-rovaniemi-laponie\/","og_locale":"fr_FR","og_type":"article","og_title":"Services et visites du P\u00e8re No\u00ebl \u00e0 Rovaniemi, Laponie - Joulupukki TV","og_description":"Les prestations uniques de P\u00e8re No\u00ebl de Santatelevision:\u00a0 services et visites \u00e0 Rovaniemi, Laponie Joulupukki TV \/ Santatelevision est une entreprise bas\u00e9e \u00e0 Rovaniemi, en Laponie finlandaise, \u00e9galement sp\u00e9cialis\u00e9e dans les prestations et visites professionnelles de P\u00e8re No\u00ebl. Depuis plus de 15 ans, notre entreprise propose des services de P\u00e8re No\u00ebl dans la r\u00e9gion de &hellip; Continued","og_url":"https:\/\/www.joulupukkitv.com\/fr\/services-et-visites-du-pere-noel-a-rovaniemi-laponie\/","og_site_name":"Joulupukki TV","article_modified_time":"2026-03-26T18:06:08+00:00","og_image":[{"width":2048,"height":1364,"url":"https:\/\/www.joulupukkitv.com\/userassets\/uploads\/2026\/03\/JTV08870-Enhanced-NR-1.jpg","type":"image\/jpeg"}],"twitter_card":"summary_large_image","twitter_misc":{"Dur\u00e9e de lecture estim\u00e9e":"3 minutes"},"schema":{"@context":"https:\/\/schema.org","@graph":[{"@type":"WebPage","@id":"https:\/\/www.joulupukkitv.com\/fr\/services-et-visites-du-pere-noel-a-rovaniemi-laponie\/","url":"https:\/\/www.joulupukkitv.com\/fr\/services-et-visites-du-pere-noel-a-rovaniemi-laponie\/","name":"Services et visites du P\u00e8re No\u00ebl \u00e0 Rovaniemi, Laponie - Joulupukki TV","isPartOf":{"@id":"https:\/\/www.joulupukkitv.com\/#website"},"primaryImageOfPage":{"@id":"https:\/\/www.joulupukkitv.com\/fr\/services-et-visites-du-pere-noel-a-rovaniemi-laponie\/#primaryimage"},"image":{"@id":"https:\/\/www.joulupukkitv.com\/fr\/services-et-visites-du-pere-noel-a-rovaniemi-laponie\/#primaryimage"},"thumbnailUrl":"https:\/\/www.joulupukkitv.com\/userassets\/uploads\/2026\/03\/JTV08870-Enhanced-NR-1-834x555.jpg","datePublished":"2026-03-08T17:51:14+00:00","dateModified":"2026-03-26T18:06:08+00:00","breadcrumb":{"@id":"https:\/\/www.joulupukkitv.com\/fr\/services-et-visites-du-pere-noel-a-rovaniemi-laponie\/#breadcrumb"},"inLanguage":"fr-FR","potentialAction":[{"@type":"ReadAction","target":["https:\/\/www.joulupukkitv.com\/fr\/services-et-visites-du-pere-noel-a-rovaniemi-laponie\/"]}]},{"@type":"ImageObject","inLanguage":"fr-FR","@id":"https:\/\/www.joulupukkitv.com\/fr\/services-et-visites-du-pere-noel-a-rovaniemi-laponie\/#primaryimage","url":"https:\/\/www.joulupukkitv.com\/userassets\/uploads\/2026\/03\/JTV08870-Enhanced-NR-1-834x555.jpg","contentUrl":"https:\/\/www.joulupukkitv.com\/userassets\/uploads\/2026\/03\/JTV08870-Enhanced-NR-1-834x555.jpg"},{"@type":"BreadcrumbList","@id":"https:\/\/www.joulupukkitv.com\/fr\/services-et-visites-du-pere-noel-a-rovaniemi-laponie\/#breadcrumb","itemListElement":[{"@type":"ListItem","position":1,"name":"Etusivu","item":"https:\/\/www.joulupukkitv.com\/fr\/"},{"@type":"ListItem","position":2,"name":"Services et visites du P\u00e8re No\u00ebl \u00e0 Rovaniemi, Laponie"}]},{"@type":"WebSite","@id":"https:\/\/www.joulupukkitv.com\/#website","url":"https:\/\/www.joulupukkitv.com\/","name":"Joulupukki TV","description":"Video- ja www-tuotanto","potentialAction":[{"@type":"SearchAction","target":{"@type":"EntryPoint","urlTemplate":"https:\/\/www.joulupukkitv.com\/search\/{search_term_string}"},"query-input":{"@type":"PropertyValueSpecification","valueRequired":true,"valueName":"search_term_string"}}],"inLanguage":"fr-FR"}]}},"_links":{"self":[{"href":"https:\/\/www.joulupukkitv.com\/fr\/wp-json\/wp\/v2\/pages\/3773","targetHints":{"allow":["GET"]}}],"collection":[{"href":"https:\/\/www.joulupukkitv.com\/fr\/wp-json\/wp\/v2\/pages"}],"about":[{"href":"https:\/\/www.joulupukkitv.com\/fr\/wp-json\/wp\/v2\/types\/page"}],"author":[{"embeddable":true,"href":"https:\/\/www.joulupukkitv.com\/fr\/wp-json\/wp\/v2\/users\/3"}],"replies":[{"embeddable":true,"href":"https:\/\/www.joulupukkitv.com\/fr\/wp-json\/wp\/v2\/comments?post=3773"}],"version-history":[{"count":6,"href":"https:\/\/www.joulupukkitv.com\/fr\/wp-json\/wp\/v2\/pages\/3773\/revisions"}],"predecessor-version":[{"id":3801,"href":"https:\/\/www.joulupukkitv.com\/fr\/wp-json\/wp\/v2\/pages\/3773\/revisions\/3801"}],"wp:attachment":[{"href":"https:\/\/www.joulupukkitv.com\/fr\/wp-json\/wp\/v2\/media?parent=3773"}],"curies":[{"name":"wp","href":"https:\/\/api.w.org\/{rel}","templated":true}]}}