{"id":559,"date":"2016-10-14T14:35:18","date_gmt":"2016-10-14T11:35:18","guid":{"rendered":"http:\/\/www.joulupukkitv.com\/fr\/hakukoneoptimointi\/"},"modified":"2016-10-31T18:34:44","modified_gmt":"2016-10-31T16:34:44","slug":"optimisation-pour-moteur-de-recherche","status":"publish","type":"page","link":"https:\/\/www.joulupukkitv.com\/fr\/web-design-medias-sociaux\/optimisation-pour-moteur-de-recherche\/","title":{"rendered":"Optimisation pour les moteurs de recherche et Google Adwords"},"content":{"rendered":"<p><img loading=\"lazy\" decoding=\"async\" src=\"http:\/\/www.joulupukkitv.com\/userassets\/uploads\/2016\/10\/SEO-Copy-1-500x234.jpg\" alt=\"seo-copy\" width=\"624\" height=\"292\" class=\"alignnone wp-image-556 img-responsive\" srcset=\"https:\/\/www.joulupukkitv.com\/userassets\/uploads\/2016\/10\/SEO-Copy-1-500x234.jpg 500w, https:\/\/www.joulupukkitv.com\/userassets\/uploads\/2016\/10\/SEO-Copy-1-768x360.jpg 768w, https:\/\/www.joulupukkitv.com\/userassets\/uploads\/2016\/10\/SEO-Copy-1-834x391.jpg 834w, https:\/\/www.joulupukkitv.com\/userassets\/uploads\/2016\/10\/SEO-Copy-1-150x70.jpg 150w, https:\/\/www.joulupukkitv.com\/userassets\/uploads\/2016\/10\/SEO-Copy-1-1140x534.jpg 1140w, https:\/\/www.joulupukkitv.com\/userassets\/uploads\/2016\/10\/SEO-Copy-1-260x122.jpg 260w, https:\/\/www.joulupukkitv.com\/userassets\/uploads\/2016\/10\/SEO-Copy-1-825x387.jpg 825w, https:\/\/www.joulupukkitv.com\/userassets\/uploads\/2016\/10\/SEO-Copy-1.jpg 1667w\" sizes=\"auto, (max-width: 624px) 100vw, 624px\" \/><\/p>\n<p>&nbsp;<\/p>\n<p><strong>Augmentez le nombre de visiteurs sur votre site web gr\u00e2ce \u00e0 l\u2019optimisation pour les moteurs de recherche<\/strong><\/p>\n<p>L&rsquo;optimisation pour les moteurs de recherche, appel\u00e9e aussi SEO (<em>Search engine optimization <\/em>en anglais) est un ensemble de techniques qui visent \u00e0 favoriser la compr\u00e9hension de la th\u00e9matique et du contenu des pages d&rsquo;un site web par les moteurs de recherche. Ainsi, elle vise \u00e0 augmenter le nombre de visiteurs du site. Cette technique est particuli\u00e8rement utile dans le domaine du tourisme.<\/p>\n<p>Vous pouvez trouver plus d\u2019informations sur la SEO sur le site Wikipedia :<a href=\"http:\/\/fr.wikipedia.org\/wiki\/Optimisation_pour_les_moteurs_de_recherche\" target=\"_blank\">http:\/\/fr.wikipedia.org\/wiki\/Optimisation_pour_les_moteurs_de_recherche<\/a><\/p>\n<p>Notre soci\u00e9t\u00e9 s\u2019est sp\u00e9cialis\u00e9e dans l\u2019optimisation pour les moteurs de recherche des sites du domaine du tourisme. Le point de d\u00e9part de cette sp\u00e9cialisation est une des propres r\u00e9alisations de Joulupukki TV, \u00e0 savoir le site Internet <a href=\"http:\/\/www.santatelevision.com\/\" target=\"_blank\">www.santatelevision.com<\/a>, qui poss\u00e8de une dixaine de diff\u00e9rentes versions linguistiques.<\/p>\n<p>Depuis 2005, Joulupukki TV vend aussi ses services pour des soci\u00e9t\u00e9s de tourisme et de secteurs ayant un lien avec le tourisme. Nous comptons notamment pour clients : des h\u00f4tels, des offices de tourisme, des fabricants de chalets, ou encore des compagnies de voyages organis\u00e9s, etc.<br \/>\n<img loading=\"lazy\" decoding=\"async\" src=\"http:\/\/www.joulupukkitv.com\/userassets\/uploads\/2016\/10\/consulting.gif\" alt=\"consulting\" width=\"278\" height=\"484\" class=\"alignright wp-image-363 img-responsive\" \/><br \/>\nLa demande de nos services est rest\u00e9e solide car beaucoup d\u2019organisations du secteur du tourisme paient pour des publicit\u00e9s dans les moteurs de recherche sans que leur site ait \u00e9t\u00e9 optimis\u00e9 pour ces derniers. M\u00eame si la publicit\u00e9 payante est souvent justifi\u00e9e, les meilleurs r\u00e9sultats sont obtenus en combinant la publicit\u00e9 dans les moteurs de recherche AVEC l\u2019optimisation pour les moteurs de recherche.<\/p>\n<p>Une optimisation pour les moteurs de recherche bien r\u00e9alis\u00e9e, peut augmenter le nombre de visiteurs d\u2019un site de 15 \u00e0 35%.<\/p>\n<p>Elle constitue une <strong>opportunit\u00e9 int\u00e9ressante pour les soci\u00e9t\u00e9s en termes de recherche de nouveaux clients, de contacts et d\u2019augmentation du chiffre d\u2019affaires<\/strong>. Il convient pourtant de souligner que l\u2019optimisation pour les moteurs de recherche n\u2019est nullement une science exacte. Les moteurs de recherche changent continuellement leurs crit\u00e8res (leurs algorithmes), ce qui peut faire fortement varier les r\u00e9sultats. Malgr\u00e9 ces limites, l\u2019optimisation pour les moteurs de recherche que nous proposons \u00e0 nos clients est r\u00e9put\u00e9e efficace et rentable.<\/p>\n<p>Nous facturons nos services sur la base d\u2019un tarif horaire (65 \u20ac \/ h hors taxes). L\u2019optimisation du site web d\u2019une soci\u00e9t\u00e9 ou d&rsquo;un organisation prend en g\u00e9n\u00e9ral 6 \u00e0 15 heures selon le nombre de pages du site ainsi que le nombre de versions linguistiques.<\/p>\n<p>Nous aidons aussi nos clients avec le programme de publicit\u00e9 <strong>Google Adwords<\/strong>, et si n\u00e9cessaire, nous pouvons g\u00e9rer les campagnes Adwords de nos clients.<\/p>\n<p>Contactez-nous pour discuter davantage et pour une proposition concr\u00e8te.<\/p>\n<p><strong><\/strong><\/p>\n","protected":false},"excerpt":{"rendered":"<p>&nbsp; Augmentez le nombre de visiteurs sur votre site web gr\u00e2ce \u00e0 l\u2019optimisation pour les moteurs de recherche L&rsquo;optimisation pour les moteurs de recherche, appel\u00e9e aussi SEO (Search engine optimization en anglais) est un ensemble de techniques qui visent \u00e0 favoriser la compr\u00e9hension de la th\u00e9matique et du contenu des pages d&rsquo;un site web par &hellip; <a href=\"https:\/\/www.joulupukkitv.com\/fr\/web-design-medias-sociaux\/optimisation-pour-moteur-de-recherche\/\">Continued<\/a><\/p>\n","protected":false},"author":2,"featured_media":0,"parent":603,"menu_order":46,"comment_status":"closed","ping_status":"closed","template":"","meta":{"_acf_changed":false,"footnotes":""},"class_list":["post-559","page","type-page","status-publish","hentry"],"acf":[],"yoast_head":"<title>Tourisme et optimisation pour les moteurs de recherche: Joulupukki TV Laponie<\/title>\n<meta name=\"description\" content=\"Joulupukki TV - tourisme et optimisation pour les moteurs de recherche- SEO consulting - industrie du voyage - Rovaniemi - Laponie - Finlande\" \/>\n<meta name=\"robots\" content=\"index, follow, max-snippet:-1, max-image-preview:large, max-video-preview:-1\" \/>\n<link rel=\"canonical\" href=\"https:\/\/www.joulupukkitv.com\/fr\/web-design-medias-sociaux\/optimisation-pour-moteur-de-recherche\/\" \/>\n<meta property=\"og:locale\" content=\"fr_FR\" \/>\n<meta property=\"og:type\" content=\"article\" \/>\n<meta property=\"og:title\" content=\"Tourisme et optimisation pour les moteurs de recherche: Joulupukki TV Laponie\" \/>\n<meta property=\"og:description\" content=\"Joulupukki TV - tourisme et optimisation pour les moteurs de recherche- SEO consulting - industrie du voyage - Rovaniemi - Laponie - Finlande\" \/>\n<meta property=\"og:url\" content=\"https:\/\/www.joulupukkitv.com\/fr\/web-design-medias-sociaux\/optimisation-pour-moteur-de-recherche\/\" \/>\n<meta property=\"og:site_name\" content=\"Joulupukki TV\" \/>\n<meta property=\"article:modified_time\" content=\"2016-10-31T16:34:44+00:00\" \/>\n<meta property=\"og:image\" content=\"http:\/\/www.joulupukkitv.com\/userassets\/uploads\/2016\/10\/SEO-Copy-1-500x234.jpg\" \/>\n<meta name=\"twitter:card\" content=\"summary_large_image\" \/>\n<meta name=\"twitter:label1\" content=\"Dur\u00e9e de lecture estim\u00e9e\" \/>\n\t<meta name=\"twitter:data1\" content=\"2 minutes\" \/>\n<script type=\"application\/ld+json\" class=\"yoast-schema-graph\">{\"@context\":\"https:\\\/\\\/schema.org\",\"@graph\":[{\"@type\":\"WebPage\",\"@id\":\"https:\\\/\\\/www.joulupukkitv.com\\\/fr\\\/web-design-medias-sociaux\\\/optimisation-pour-moteur-de-recherche\\\/\",\"url\":\"https:\\\/\\\/www.joulupukkitv.com\\\/fr\\\/web-design-medias-sociaux\\\/optimisation-pour-moteur-de-recherche\\\/\",\"name\":\"Tourisme et optimisation pour les moteurs de recherche: Joulupukki TV Laponie\",\"isPartOf\":{\"@id\":\"https:\\\/\\\/www.joulupukkitv.com\\\/#website\"},\"primaryImageOfPage\":{\"@id\":\"https:\\\/\\\/www.joulupukkitv.com\\\/fr\\\/web-design-medias-sociaux\\\/optimisation-pour-moteur-de-recherche\\\/#primaryimage\"},\"image\":{\"@id\":\"https:\\\/\\\/www.joulupukkitv.com\\\/fr\\\/web-design-medias-sociaux\\\/optimisation-pour-moteur-de-recherche\\\/#primaryimage\"},\"thumbnailUrl\":\"http:\\\/\\\/www.joulupukkitv.com\\\/userassets\\\/uploads\\\/2016\\\/10\\\/SEO-Copy-1-500x234.jpg\",\"datePublished\":\"2016-10-14T11:35:18+00:00\",\"dateModified\":\"2016-10-31T16:34:44+00:00\",\"description\":\"Joulupukki TV - tourisme et optimisation pour les moteurs de recherche- SEO consulting - industrie du voyage - Rovaniemi - Laponie - Finlande\",\"breadcrumb\":{\"@id\":\"https:\\\/\\\/www.joulupukkitv.com\\\/fr\\\/web-design-medias-sociaux\\\/optimisation-pour-moteur-de-recherche\\\/#breadcrumb\"},\"inLanguage\":\"fr-FR\",\"potentialAction\":[{\"@type\":\"ReadAction\",\"target\":[\"https:\\\/\\\/www.joulupukkitv.com\\\/fr\\\/web-design-medias-sociaux\\\/optimisation-pour-moteur-de-recherche\\\/\"]}]},{\"@type\":\"ImageObject\",\"inLanguage\":\"fr-FR\",\"@id\":\"https:\\\/\\\/www.joulupukkitv.com\\\/fr\\\/web-design-medias-sociaux\\\/optimisation-pour-moteur-de-recherche\\\/#primaryimage\",\"url\":\"http:\\\/\\\/www.joulupukkitv.com\\\/userassets\\\/uploads\\\/2016\\\/10\\\/SEO-Copy-1-500x234.jpg\",\"contentUrl\":\"http:\\\/\\\/www.joulupukkitv.com\\\/userassets\\\/uploads\\\/2016\\\/10\\\/SEO-Copy-1-500x234.jpg\"},{\"@type\":\"BreadcrumbList\",\"@id\":\"https:\\\/\\\/www.joulupukkitv.com\\\/fr\\\/web-design-medias-sociaux\\\/optimisation-pour-moteur-de-recherche\\\/#breadcrumb\",\"itemListElement\":[{\"@type\":\"ListItem\",\"position\":1,\"name\":\"Etusivu\",\"item\":\"https:\\\/\\\/www.joulupukkitv.com\\\/fr\\\/\"},{\"@type\":\"ListItem\",\"position\":2,\"name\":\"Web Design &#038; Social Media\",\"item\":\"https:\\\/\\\/www.joulupukkitv.com\\\/fr\\\/web-design-medias-sociaux\\\/\"},{\"@type\":\"ListItem\",\"position\":3,\"name\":\"Optimisation pour les moteurs de recherche et Google Adwords\"}]},{\"@type\":\"WebSite\",\"@id\":\"https:\\\/\\\/www.joulupukkitv.com\\\/#website\",\"url\":\"https:\\\/\\\/www.joulupukkitv.com\\\/\",\"name\":\"Joulupukki TV\",\"description\":\"Video- ja www-tuotanto\",\"potentialAction\":[{\"@type\":\"SearchAction\",\"target\":{\"@type\":\"EntryPoint\",\"urlTemplate\":\"https:\\\/\\\/www.joulupukkitv.com\\\/search\\\/{search_term_string}\"},\"query-input\":{\"@type\":\"PropertyValueSpecification\",\"valueRequired\":true,\"valueName\":\"search_term_string\"}}],\"inLanguage\":\"fr-FR\"}]}<\/script>","yoast_head_json":{"title":"Tourisme et optimisation pour les moteurs de recherche: Joulupukki TV Laponie","description":"Joulupukki TV - tourisme et optimisation pour les moteurs de recherche- SEO consulting - industrie du voyage - Rovaniemi - Laponie - Finlande","robots":{"index":"index","follow":"follow","max-snippet":"max-snippet:-1","max-image-preview":"max-image-preview:large","max-video-preview":"max-video-preview:-1"},"canonical":"https:\/\/www.joulupukkitv.com\/fr\/web-design-medias-sociaux\/optimisation-pour-moteur-de-recherche\/","og_locale":"fr_FR","og_type":"article","og_title":"Tourisme et optimisation pour les moteurs de recherche: Joulupukki TV Laponie","og_description":"Joulupukki TV - tourisme et optimisation pour les moteurs de recherche- SEO consulting - industrie du voyage - Rovaniemi - Laponie - Finlande","og_url":"https:\/\/www.joulupukkitv.com\/fr\/web-design-medias-sociaux\/optimisation-pour-moteur-de-recherche\/","og_site_name":"Joulupukki TV","article_modified_time":"2016-10-31T16:34:44+00:00","og_image":[{"url":"http:\/\/www.joulupukkitv.com\/userassets\/uploads\/2016\/10\/SEO-Copy-1-500x234.jpg","type":"","width":"","height":""}],"twitter_card":"summary_large_image","twitter_misc":{"Dur\u00e9e de lecture estim\u00e9e":"2 minutes"},"schema":{"@context":"https:\/\/schema.org","@graph":[{"@type":"WebPage","@id":"https:\/\/www.joulupukkitv.com\/fr\/web-design-medias-sociaux\/optimisation-pour-moteur-de-recherche\/","url":"https:\/\/www.joulupukkitv.com\/fr\/web-design-medias-sociaux\/optimisation-pour-moteur-de-recherche\/","name":"Tourisme et optimisation pour les moteurs de recherche: Joulupukki TV Laponie","isPartOf":{"@id":"https:\/\/www.joulupukkitv.com\/#website"},"primaryImageOfPage":{"@id":"https:\/\/www.joulupukkitv.com\/fr\/web-design-medias-sociaux\/optimisation-pour-moteur-de-recherche\/#primaryimage"},"image":{"@id":"https:\/\/www.joulupukkitv.com\/fr\/web-design-medias-sociaux\/optimisation-pour-moteur-de-recherche\/#primaryimage"},"thumbnailUrl":"http:\/\/www.joulupukkitv.com\/userassets\/uploads\/2016\/10\/SEO-Copy-1-500x234.jpg","datePublished":"2016-10-14T11:35:18+00:00","dateModified":"2016-10-31T16:34:44+00:00","description":"Joulupukki TV - tourisme et optimisation pour les moteurs de recherche- SEO consulting - industrie du voyage - Rovaniemi - Laponie - Finlande","breadcrumb":{"@id":"https:\/\/www.joulupukkitv.com\/fr\/web-design-medias-sociaux\/optimisation-pour-moteur-de-recherche\/#breadcrumb"},"inLanguage":"fr-FR","potentialAction":[{"@type":"ReadAction","target":["https:\/\/www.joulupukkitv.com\/fr\/web-design-medias-sociaux\/optimisation-pour-moteur-de-recherche\/"]}]},{"@type":"ImageObject","inLanguage":"fr-FR","@id":"https:\/\/www.joulupukkitv.com\/fr\/web-design-medias-sociaux\/optimisation-pour-moteur-de-recherche\/#primaryimage","url":"http:\/\/www.joulupukkitv.com\/userassets\/uploads\/2016\/10\/SEO-Copy-1-500x234.jpg","contentUrl":"http:\/\/www.joulupukkitv.com\/userassets\/uploads\/2016\/10\/SEO-Copy-1-500x234.jpg"},{"@type":"BreadcrumbList","@id":"https:\/\/www.joulupukkitv.com\/fr\/web-design-medias-sociaux\/optimisation-pour-moteur-de-recherche\/#breadcrumb","itemListElement":[{"@type":"ListItem","position":1,"name":"Etusivu","item":"https:\/\/www.joulupukkitv.com\/fr\/"},{"@type":"ListItem","position":2,"name":"Web Design &#038; Social Media","item":"https:\/\/www.joulupukkitv.com\/fr\/web-design-medias-sociaux\/"},{"@type":"ListItem","position":3,"name":"Optimisation pour les moteurs de recherche et Google Adwords"}]},{"@type":"WebSite","@id":"https:\/\/www.joulupukkitv.com\/#website","url":"https:\/\/www.joulupukkitv.com\/","name":"Joulupukki TV","description":"Video- ja www-tuotanto","potentialAction":[{"@type":"SearchAction","target":{"@type":"EntryPoint","urlTemplate":"https:\/\/www.joulupukkitv.com\/search\/{search_term_string}"},"query-input":{"@type":"PropertyValueSpecification","valueRequired":true,"valueName":"search_term_string"}}],"inLanguage":"fr-FR"}]}},"_links":{"self":[{"href":"https:\/\/www.joulupukkitv.com\/fr\/wp-json\/wp\/v2\/pages\/559","targetHints":{"allow":["GET"]}}],"collection":[{"href":"https:\/\/www.joulupukkitv.com\/fr\/wp-json\/wp\/v2\/pages"}],"about":[{"href":"https:\/\/www.joulupukkitv.com\/fr\/wp-json\/wp\/v2\/types\/page"}],"author":[{"embeddable":true,"href":"https:\/\/www.joulupukkitv.com\/fr\/wp-json\/wp\/v2\/users\/2"}],"replies":[{"embeddable":true,"href":"https:\/\/www.joulupukkitv.com\/fr\/wp-json\/wp\/v2\/comments?post=559"}],"version-history":[{"count":5,"href":"https:\/\/www.joulupukkitv.com\/fr\/wp-json\/wp\/v2\/pages\/559\/revisions"}],"predecessor-version":[{"id":815,"href":"https:\/\/www.joulupukkitv.com\/fr\/wp-json\/wp\/v2\/pages\/559\/revisions\/815"}],"up":[{"embeddable":true,"href":"https:\/\/www.joulupukkitv.com\/fr\/wp-json\/wp\/v2\/pages\/603"}],"wp:attachment":[{"href":"https:\/\/www.joulupukkitv.com\/fr\/wp-json\/wp\/v2\/media?parent=559"}],"curies":[{"name":"wp","href":"https:\/\/api.w.org\/{rel}","templated":true}]}}