{"id":561,"date":"2016-10-14T10:29:15","date_gmt":"2016-10-14T07:29:15","guid":{"rendered":"http:\/\/www.joulupukkitv.com\/fr\/referenssit\/"},"modified":"2026-02-19T22:01:59","modified_gmt":"2026-02-19T20:01:59","slug":"references","status":"publish","type":"page","link":"https:\/\/www.joulupukkitv.com\/fr\/services-video-production-rovaniemi-laponie-finlande\/references\/","title":{"rendered":"D\u00e9couvrez quelques exemples de nos productions de vid\u00e9o"},"content":{"rendered":"","protected":false},"excerpt":{"rendered":"","protected":false},"author":2,"featured_media":0,"parent":601,"menu_order":38,"comment_status":"closed","ping_status":"closed","template":"template-video.php","meta":{"_acf_changed":false,"footnotes":""},"class_list":["post-561","page","type-page","status-publish","hentry"],"acf":[],"yoast_head":"<title>Vid\u00e9os de pr\u00e9sentation r\u00e9alis\u00e9es par soci\u00e9t\u00e9 Joulupukki TV en Finlande Rovaniemi<\/title>\n<meta name=\"description\" content=\"Vid\u00e9os de pr\u00e9sentation r\u00e9alis\u00e9es par soci\u00e9t\u00e9 Joulupukki TV en Finlande Rovaniemi - Laponie\" \/>\n<meta name=\"robots\" content=\"index, follow, max-snippet:-1, max-image-preview:large, max-video-preview:-1\" \/>\n<link rel=\"canonical\" href=\"https:\/\/www.joulupukkitv.com\/fr\/services-video-production-rovaniemi-laponie-finlande\/references\/\" \/>\n<meta property=\"og:locale\" content=\"fr_FR\" \/>\n<meta property=\"og:type\" content=\"article\" \/>\n<meta property=\"og:title\" content=\"Vid\u00e9os de pr\u00e9sentation r\u00e9alis\u00e9es par soci\u00e9t\u00e9 Joulupukki TV en Finlande Rovaniemi\" \/>\n<meta property=\"og:description\" content=\"Vid\u00e9os de pr\u00e9sentation r\u00e9alis\u00e9es par soci\u00e9t\u00e9 Joulupukki TV en Finlande Rovaniemi - Laponie\" \/>\n<meta property=\"og:url\" content=\"https:\/\/www.joulupukkitv.com\/fr\/services-video-production-rovaniemi-laponie-finlande\/references\/\" \/>\n<meta property=\"og:site_name\" content=\"Joulupukki TV\" \/>\n<meta property=\"article:modified_time\" content=\"2026-02-19T20:01:59+00:00\" \/>\n<meta name=\"twitter:card\" content=\"summary_large_image\" \/>\n<script type=\"application\/ld+json\" class=\"yoast-schema-graph\">{\"@context\":\"https:\\\/\\\/schema.org\",\"@graph\":[{\"@type\":\"WebPage\",\"@id\":\"https:\\\/\\\/www.joulupukkitv.com\\\/fr\\\/services-video-production-rovaniemi-laponie-finlande\\\/references\\\/\",\"url\":\"https:\\\/\\\/www.joulupukkitv.com\\\/fr\\\/services-video-production-rovaniemi-laponie-finlande\\\/references\\\/\",\"name\":\"Vid\u00e9os de pr\u00e9sentation r\u00e9alis\u00e9es par soci\u00e9t\u00e9 Joulupukki TV en Finlande Rovaniemi\",\"isPartOf\":{\"@id\":\"https:\\\/\\\/www.joulupukkitv.com\\\/#website\"},\"datePublished\":\"2016-10-14T07:29:15+00:00\",\"dateModified\":\"2026-02-19T20:01:59+00:00\",\"description\":\"Vid\u00e9os de pr\u00e9sentation r\u00e9alis\u00e9es par soci\u00e9t\u00e9 Joulupukki TV en Finlande Rovaniemi - Laponie\",\"breadcrumb\":{\"@id\":\"https:\\\/\\\/www.joulupukkitv.com\\\/fr\\\/services-video-production-rovaniemi-laponie-finlande\\\/references\\\/#breadcrumb\"},\"inLanguage\":\"fr-FR\",\"potentialAction\":[{\"@type\":\"ReadAction\",\"target\":[\"https:\\\/\\\/www.joulupukkitv.com\\\/fr\\\/services-video-production-rovaniemi-laponie-finlande\\\/references\\\/\"]}]},{\"@type\":\"BreadcrumbList\",\"@id\":\"https:\\\/\\\/www.joulupukkitv.com\\\/fr\\\/services-video-production-rovaniemi-laponie-finlande\\\/references\\\/#breadcrumb\",\"itemListElement\":[{\"@type\":\"ListItem\",\"position\":1,\"name\":\"Etusivu\",\"item\":\"https:\\\/\\\/www.joulupukkitv.com\\\/fr\\\/\"},{\"@type\":\"ListItem\",\"position\":2,\"name\":\"Services &#038; productions de vid\u00e9o et t\u00e9l\u00e9vision \u00e0 Rovaniemi \\\/ Laponie et ailleurs\",\"item\":\"https:\\\/\\\/www.joulupukkitv.com\\\/fr\\\/services-video-production-rovaniemi-laponie-finlande\\\/\"},{\"@type\":\"ListItem\",\"position\":3,\"name\":\"D\u00e9couvrez quelques exemples de nos productions de vid\u00e9o\"}]},{\"@type\":\"WebSite\",\"@id\":\"https:\\\/\\\/www.joulupukkitv.com\\\/#website\",\"url\":\"https:\\\/\\\/www.joulupukkitv.com\\\/\",\"name\":\"Joulupukki TV\",\"description\":\"Video- ja www-tuotanto\",\"potentialAction\":[{\"@type\":\"SearchAction\",\"target\":{\"@type\":\"EntryPoint\",\"urlTemplate\":\"https:\\\/\\\/www.joulupukkitv.com\\\/search\\\/{search_term_string}\"},\"query-input\":{\"@type\":\"PropertyValueSpecification\",\"valueRequired\":true,\"valueName\":\"search_term_string\"}}],\"inLanguage\":\"fr-FR\"}]}<\/script>","yoast_head_json":{"title":"Vid\u00e9os de pr\u00e9sentation r\u00e9alis\u00e9es par soci\u00e9t\u00e9 Joulupukki TV en Finlande Rovaniemi","description":"Vid\u00e9os de pr\u00e9sentation r\u00e9alis\u00e9es par soci\u00e9t\u00e9 Joulupukki TV en Finlande Rovaniemi - Laponie","robots":{"index":"index","follow":"follow","max-snippet":"max-snippet:-1","max-image-preview":"max-image-preview:large","max-video-preview":"max-video-preview:-1"},"canonical":"https:\/\/www.joulupukkitv.com\/fr\/services-video-production-rovaniemi-laponie-finlande\/references\/","og_locale":"fr_FR","og_type":"article","og_title":"Vid\u00e9os de pr\u00e9sentation r\u00e9alis\u00e9es par soci\u00e9t\u00e9 Joulupukki TV en Finlande Rovaniemi","og_description":"Vid\u00e9os de pr\u00e9sentation r\u00e9alis\u00e9es par soci\u00e9t\u00e9 Joulupukki TV en Finlande Rovaniemi - Laponie","og_url":"https:\/\/www.joulupukkitv.com\/fr\/services-video-production-rovaniemi-laponie-finlande\/references\/","og_site_name":"Joulupukki TV","article_modified_time":"2026-02-19T20:01:59+00:00","twitter_card":"summary_large_image","schema":{"@context":"https:\/\/schema.org","@graph":[{"@type":"WebPage","@id":"https:\/\/www.joulupukkitv.com\/fr\/services-video-production-rovaniemi-laponie-finlande\/references\/","url":"https:\/\/www.joulupukkitv.com\/fr\/services-video-production-rovaniemi-laponie-finlande\/references\/","name":"Vid\u00e9os de pr\u00e9sentation r\u00e9alis\u00e9es par soci\u00e9t\u00e9 Joulupukki TV en Finlande Rovaniemi","isPartOf":{"@id":"https:\/\/www.joulupukkitv.com\/#website"},"datePublished":"2016-10-14T07:29:15+00:00","dateModified":"2026-02-19T20:01:59+00:00","description":"Vid\u00e9os de pr\u00e9sentation r\u00e9alis\u00e9es par soci\u00e9t\u00e9 Joulupukki TV en Finlande Rovaniemi - Laponie","breadcrumb":{"@id":"https:\/\/www.joulupukkitv.com\/fr\/services-video-production-rovaniemi-laponie-finlande\/references\/#breadcrumb"},"inLanguage":"fr-FR","potentialAction":[{"@type":"ReadAction","target":["https:\/\/www.joulupukkitv.com\/fr\/services-video-production-rovaniemi-laponie-finlande\/references\/"]}]},{"@type":"BreadcrumbList","@id":"https:\/\/www.joulupukkitv.com\/fr\/services-video-production-rovaniemi-laponie-finlande\/references\/#breadcrumb","itemListElement":[{"@type":"ListItem","position":1,"name":"Etusivu","item":"https:\/\/www.joulupukkitv.com\/fr\/"},{"@type":"ListItem","position":2,"name":"Services &#038; productions de vid\u00e9o et t\u00e9l\u00e9vision \u00e0 Rovaniemi \/ Laponie et ailleurs","item":"https:\/\/www.joulupukkitv.com\/fr\/services-video-production-rovaniemi-laponie-finlande\/"},{"@type":"ListItem","position":3,"name":"D\u00e9couvrez quelques exemples de nos productions de vid\u00e9o"}]},{"@type":"WebSite","@id":"https:\/\/www.joulupukkitv.com\/#website","url":"https:\/\/www.joulupukkitv.com\/","name":"Joulupukki TV","description":"Video- ja www-tuotanto","potentialAction":[{"@type":"SearchAction","target":{"@type":"EntryPoint","urlTemplate":"https:\/\/www.joulupukkitv.com\/search\/{search_term_string}"},"query-input":{"@type":"PropertyValueSpecification","valueRequired":true,"valueName":"search_term_string"}}],"inLanguage":"fr-FR"}]}},"_links":{"self":[{"href":"https:\/\/www.joulupukkitv.com\/fr\/wp-json\/wp\/v2\/pages\/561","targetHints":{"allow":["GET"]}}],"collection":[{"href":"https:\/\/www.joulupukkitv.com\/fr\/wp-json\/wp\/v2\/pages"}],"about":[{"href":"https:\/\/www.joulupukkitv.com\/fr\/wp-json\/wp\/v2\/types\/page"}],"author":[{"embeddable":true,"href":"https:\/\/www.joulupukkitv.com\/fr\/wp-json\/wp\/v2\/users\/2"}],"replies":[{"embeddable":true,"href":"https:\/\/www.joulupukkitv.com\/fr\/wp-json\/wp\/v2\/comments?post=561"}],"version-history":[{"count":6,"href":"https:\/\/www.joulupukkitv.com\/fr\/wp-json\/wp\/v2\/pages\/561\/revisions"}],"predecessor-version":[{"id":3668,"href":"https:\/\/www.joulupukkitv.com\/fr\/wp-json\/wp\/v2\/pages\/561\/revisions\/3668"}],"up":[{"embeddable":true,"href":"https:\/\/www.joulupukkitv.com\/fr\/wp-json\/wp\/v2\/pages\/601"}],"wp:attachment":[{"href":"https:\/\/www.joulupukkitv.com\/fr\/wp-json\/wp\/v2\/media?parent=561"}],"curies":[{"name":"wp","href":"https:\/\/api.w.org\/{rel}","templated":true}]}}