{"id":565,"date":"2016-10-14T10:29:26","date_gmt":"2016-10-14T07:29:26","guid":{"rendered":"http:\/\/www.joulupukkitv.com\/fr\/kalustomme\/"},"modified":"2025-09-30T12:26:10","modified_gmt":"2025-09-30T09:26:10","slug":"equipments","status":"publish","type":"page","link":"https:\/\/www.joulupukkitv.com\/fr\/services-video-production-rovaniemi-laponie-finlande\/equipments\/","title":{"rendered":"Nos \u00e9quipements de production de vid\u00e9o et de t\u00e9l\u00e9 \u00e0 louer \u00e0 Rovaniemi, Laponie Finlande"},"content":{"rendered":"<p><u><strong>Notre \u00e9quipement production de vid\u00e9o et de la t\u00e9l\u00e9vision comprend notamment:<br \/>\n<\/strong><\/u><span><\/span><span><\/span><span>&#8211; SONY PXW-FX9 avec des objectives et autre \u00e9quipments notamment Xeen Cinema Objective, 16mm, 35mm et 85mm<br \/>\n&#8211; <\/span><strong>Sony PXW-Z200 XDCAM <\/strong><span>cam\u00e9ra de vid\u00e9o<br \/>\n&#8211;\u00a0Sony\u00a0\u03b17R III\u00a04K-cam\u00e9ra pour production des vid\u00e9os et des photos.<br \/>\n<\/span>&#8211; DJI Ronin S gimbals<span><br \/>\n&#8211; DJI Mini 5 et 4 Pro drones.<\/span><br \/>\n<span>&#8211; Osmo Pocket 3<br \/>\n&#8211; GoPro HERO9 Black Action Cam.<\/span><\/p>\n<p><span>Notre station de montage est un iMac puissant, qui permet une r\u00e9alisation en \u201cUltra HD\u201d \u00a0et une correction des couleurs en temps r\u00e9el. <\/span><\/p>\n<p><span><strong>NOUS LOUONS AUSSI NOS EQUIPEMENTS \u00c0 ROVANIEMI EN LAPONIE<\/strong><\/span><\/p>\n<p>Nous louons aussi en Laponie nos talents (cam\u00e9raman, location scouting guide) et nos \u00e9quipements aux <strong>professionnels<\/strong>, veuillez nous contacter pour plus d\u2019informations. Notez bien: pour des raisons d&rsquo;assurance nous ne louons pas nos drones sans pilote.<\/p>\n<p>&nbsp;<\/p>\n","protected":false},"excerpt":{"rendered":"<p>Notre \u00e9quipement production de vid\u00e9o et de la t\u00e9l\u00e9vision comprend notamment: &#8211; SONY PXW-FX9 avec des objectives et autre \u00e9quipments notamment Xeen Cinema Objective, 16mm, 35mm et 85mm &#8211; Sony PXW-Z200 XDCAM cam\u00e9ra de vid\u00e9o &#8211;\u00a0Sony\u00a0\u03b17R III\u00a04K-cam\u00e9ra pour production des vid\u00e9os et des photos. &#8211; DJI Ronin S gimbals &#8211; DJI Mini 5 et 4 &hellip; <a href=\"https:\/\/www.joulupukkitv.com\/fr\/services-video-production-rovaniemi-laponie-finlande\/equipments\/\">Continued<\/a><\/p>\n","protected":false},"author":2,"featured_media":0,"parent":601,"menu_order":37,"comment_status":"closed","ping_status":"closed","template":"","meta":{"_acf_changed":false,"footnotes":""},"class_list":["post-565","page","type-page","status-publish","hentry"],"acf":[],"yoast_head":"<title>Location d&#039;\u00e9quipements de vid\u00e9o et de la t\u00e9l\u00e9vision \u00e0 Rovaniemi en Laponie Finlande<\/title>\n<meta name=\"description\" content=\"Joulupukki TV Oy: Location d&#039;\u00e9quipements de vid\u00e9o et de la t\u00e9l\u00e9vision \u00e0 Rovaniemi en Laponie Finlande - louer des cam\u00e9ras ou du personel\" \/>\n<meta name=\"robots\" content=\"index, follow, max-snippet:-1, max-image-preview:large, max-video-preview:-1\" \/>\n<link rel=\"canonical\" href=\"https:\/\/www.joulupukkitv.com\/fr\/services-video-production-rovaniemi-laponie-finlande\/equipments\/\" \/>\n<meta property=\"og:locale\" content=\"fr_FR\" \/>\n<meta property=\"og:type\" content=\"article\" \/>\n<meta property=\"og:title\" content=\"Location d&#039;\u00e9quipements de vid\u00e9o et de la t\u00e9l\u00e9vision \u00e0 Rovaniemi en Laponie Finlande\" \/>\n<meta property=\"og:description\" content=\"Joulupukki TV Oy: Location d&#039;\u00e9quipements de vid\u00e9o et de la t\u00e9l\u00e9vision \u00e0 Rovaniemi en Laponie Finlande - louer des cam\u00e9ras ou du personel\" \/>\n<meta property=\"og:url\" content=\"https:\/\/www.joulupukkitv.com\/fr\/services-video-production-rovaniemi-laponie-finlande\/equipments\/\" \/>\n<meta property=\"og:site_name\" content=\"Joulupukki TV\" \/>\n<meta property=\"article:modified_time\" content=\"2025-09-30T09:26:10+00:00\" \/>\n<meta name=\"twitter:card\" content=\"summary_large_image\" \/>\n<meta name=\"twitter:label1\" content=\"Dur\u00e9e de lecture estim\u00e9e\" \/>\n\t<meta name=\"twitter:data1\" content=\"1 minute\" \/>\n<script type=\"application\/ld+json\" class=\"yoast-schema-graph\">{\"@context\":\"https:\\\/\\\/schema.org\",\"@graph\":[{\"@type\":\"WebPage\",\"@id\":\"https:\\\/\\\/www.joulupukkitv.com\\\/fr\\\/services-video-production-rovaniemi-laponie-finlande\\\/equipments\\\/\",\"url\":\"https:\\\/\\\/www.joulupukkitv.com\\\/fr\\\/services-video-production-rovaniemi-laponie-finlande\\\/equipments\\\/\",\"name\":\"Location d'\u00e9quipements de vid\u00e9o et de la t\u00e9l\u00e9vision \u00e0 Rovaniemi en Laponie Finlande\",\"isPartOf\":{\"@id\":\"https:\\\/\\\/www.joulupukkitv.com\\\/#website\"},\"datePublished\":\"2016-10-14T07:29:26+00:00\",\"dateModified\":\"2025-09-30T09:26:10+00:00\",\"description\":\"Joulupukki TV Oy: Location d'\u00e9quipements de vid\u00e9o et de la t\u00e9l\u00e9vision \u00e0 Rovaniemi en Laponie Finlande - louer des cam\u00e9ras ou du personel\",\"breadcrumb\":{\"@id\":\"https:\\\/\\\/www.joulupukkitv.com\\\/fr\\\/services-video-production-rovaniemi-laponie-finlande\\\/equipments\\\/#breadcrumb\"},\"inLanguage\":\"fr-FR\",\"potentialAction\":[{\"@type\":\"ReadAction\",\"target\":[\"https:\\\/\\\/www.joulupukkitv.com\\\/fr\\\/services-video-production-rovaniemi-laponie-finlande\\\/equipments\\\/\"]}]},{\"@type\":\"BreadcrumbList\",\"@id\":\"https:\\\/\\\/www.joulupukkitv.com\\\/fr\\\/services-video-production-rovaniemi-laponie-finlande\\\/equipments\\\/#breadcrumb\",\"itemListElement\":[{\"@type\":\"ListItem\",\"position\":1,\"name\":\"Etusivu\",\"item\":\"https:\\\/\\\/www.joulupukkitv.com\\\/fr\\\/\"},{\"@type\":\"ListItem\",\"position\":2,\"name\":\"Services &#038; productions de vid\u00e9o et t\u00e9l\u00e9vision \u00e0 Rovaniemi \\\/ Laponie et ailleurs\",\"item\":\"https:\\\/\\\/www.joulupukkitv.com\\\/fr\\\/services-video-production-rovaniemi-laponie-finlande\\\/\"},{\"@type\":\"ListItem\",\"position\":3,\"name\":\"Nos \u00e9quipements de production de vid\u00e9o et de t\u00e9l\u00e9 \u00e0 louer \u00e0 Rovaniemi, Laponie Finlande\"}]},{\"@type\":\"WebSite\",\"@id\":\"https:\\\/\\\/www.joulupukkitv.com\\\/#website\",\"url\":\"https:\\\/\\\/www.joulupukkitv.com\\\/\",\"name\":\"Joulupukki TV\",\"description\":\"Video- ja www-tuotanto\",\"potentialAction\":[{\"@type\":\"SearchAction\",\"target\":{\"@type\":\"EntryPoint\",\"urlTemplate\":\"https:\\\/\\\/www.joulupukkitv.com\\\/search\\\/{search_term_string}\"},\"query-input\":{\"@type\":\"PropertyValueSpecification\",\"valueRequired\":true,\"valueName\":\"search_term_string\"}}],\"inLanguage\":\"fr-FR\"}]}<\/script>","yoast_head_json":{"title":"Location d'\u00e9quipements de vid\u00e9o et de la t\u00e9l\u00e9vision \u00e0 Rovaniemi en Laponie Finlande","description":"Joulupukki TV Oy: Location d'\u00e9quipements de vid\u00e9o et de la t\u00e9l\u00e9vision \u00e0 Rovaniemi en Laponie Finlande - louer des cam\u00e9ras ou du personel","robots":{"index":"index","follow":"follow","max-snippet":"max-snippet:-1","max-image-preview":"max-image-preview:large","max-video-preview":"max-video-preview:-1"},"canonical":"https:\/\/www.joulupukkitv.com\/fr\/services-video-production-rovaniemi-laponie-finlande\/equipments\/","og_locale":"fr_FR","og_type":"article","og_title":"Location d'\u00e9quipements de vid\u00e9o et de la t\u00e9l\u00e9vision \u00e0 Rovaniemi en Laponie Finlande","og_description":"Joulupukki TV Oy: Location d'\u00e9quipements de vid\u00e9o et de la t\u00e9l\u00e9vision \u00e0 Rovaniemi en Laponie Finlande - louer des cam\u00e9ras ou du personel","og_url":"https:\/\/www.joulupukkitv.com\/fr\/services-video-production-rovaniemi-laponie-finlande\/equipments\/","og_site_name":"Joulupukki TV","article_modified_time":"2025-09-30T09:26:10+00:00","twitter_card":"summary_large_image","twitter_misc":{"Dur\u00e9e de lecture estim\u00e9e":"1 minute"},"schema":{"@context":"https:\/\/schema.org","@graph":[{"@type":"WebPage","@id":"https:\/\/www.joulupukkitv.com\/fr\/services-video-production-rovaniemi-laponie-finlande\/equipments\/","url":"https:\/\/www.joulupukkitv.com\/fr\/services-video-production-rovaniemi-laponie-finlande\/equipments\/","name":"Location d'\u00e9quipements de vid\u00e9o et de la t\u00e9l\u00e9vision \u00e0 Rovaniemi en Laponie Finlande","isPartOf":{"@id":"https:\/\/www.joulupukkitv.com\/#website"},"datePublished":"2016-10-14T07:29:26+00:00","dateModified":"2025-09-30T09:26:10+00:00","description":"Joulupukki TV Oy: Location d'\u00e9quipements de vid\u00e9o et de la t\u00e9l\u00e9vision \u00e0 Rovaniemi en Laponie Finlande - louer des cam\u00e9ras ou du personel","breadcrumb":{"@id":"https:\/\/www.joulupukkitv.com\/fr\/services-video-production-rovaniemi-laponie-finlande\/equipments\/#breadcrumb"},"inLanguage":"fr-FR","potentialAction":[{"@type":"ReadAction","target":["https:\/\/www.joulupukkitv.com\/fr\/services-video-production-rovaniemi-laponie-finlande\/equipments\/"]}]},{"@type":"BreadcrumbList","@id":"https:\/\/www.joulupukkitv.com\/fr\/services-video-production-rovaniemi-laponie-finlande\/equipments\/#breadcrumb","itemListElement":[{"@type":"ListItem","position":1,"name":"Etusivu","item":"https:\/\/www.joulupukkitv.com\/fr\/"},{"@type":"ListItem","position":2,"name":"Services &#038; productions de vid\u00e9o et t\u00e9l\u00e9vision \u00e0 Rovaniemi \/ Laponie et ailleurs","item":"https:\/\/www.joulupukkitv.com\/fr\/services-video-production-rovaniemi-laponie-finlande\/"},{"@type":"ListItem","position":3,"name":"Nos \u00e9quipements de production de vid\u00e9o et de t\u00e9l\u00e9 \u00e0 louer \u00e0 Rovaniemi, Laponie Finlande"}]},{"@type":"WebSite","@id":"https:\/\/www.joulupukkitv.com\/#website","url":"https:\/\/www.joulupukkitv.com\/","name":"Joulupukki TV","description":"Video- ja www-tuotanto","potentialAction":[{"@type":"SearchAction","target":{"@type":"EntryPoint","urlTemplate":"https:\/\/www.joulupukkitv.com\/search\/{search_term_string}"},"query-input":{"@type":"PropertyValueSpecification","valueRequired":true,"valueName":"search_term_string"}}],"inLanguage":"fr-FR"}]}},"_links":{"self":[{"href":"https:\/\/www.joulupukkitv.com\/fr\/wp-json\/wp\/v2\/pages\/565","targetHints":{"allow":["GET"]}}],"collection":[{"href":"https:\/\/www.joulupukkitv.com\/fr\/wp-json\/wp\/v2\/pages"}],"about":[{"href":"https:\/\/www.joulupukkitv.com\/fr\/wp-json\/wp\/v2\/types\/page"}],"author":[{"embeddable":true,"href":"https:\/\/www.joulupukkitv.com\/fr\/wp-json\/wp\/v2\/users\/2"}],"replies":[{"embeddable":true,"href":"https:\/\/www.joulupukkitv.com\/fr\/wp-json\/wp\/v2\/comments?post=565"}],"version-history":[{"count":6,"href":"https:\/\/www.joulupukkitv.com\/fr\/wp-json\/wp\/v2\/pages\/565\/revisions"}],"predecessor-version":[{"id":3551,"href":"https:\/\/www.joulupukkitv.com\/fr\/wp-json\/wp\/v2\/pages\/565\/revisions\/3551"}],"up":[{"embeddable":true,"href":"https:\/\/www.joulupukkitv.com\/fr\/wp-json\/wp\/v2\/pages\/601"}],"wp:attachment":[{"href":"https:\/\/www.joulupukkitv.com\/fr\/wp-json\/wp\/v2\/media?parent=565"}],"curies":[{"name":"wp","href":"https:\/\/api.w.org\/{rel}","templated":true}]}}