{"id":569,"date":"2016-10-14T10:29:41","date_gmt":"2016-10-14T07:29:41","guid":{"rendered":"http:\/\/www.joulupukkitv.com\/fr\/ilmakuvaus-lappi-rovaniemi\/"},"modified":"2025-09-30T12:26:36","modified_gmt":"2025-09-30T09:26:36","slug":"videos-aeriennes-par-drone","status":"publish","type":"page","link":"https:\/\/www.joulupukkitv.com\/fr\/services-video-production-rovaniemi-laponie-finlande\/videos-aeriennes-par-drone\/","title":{"rendered":"Vid\u00e9os a\u00e9riennes par dr\u00f4ne \u00e0 Rovaniemi, Laponie et en Finlande"},"content":{"rendered":"<p>Joulupukki TV offre des services de production des images a\u00e9riennes (videos et photos) avec <strong>des dr\u00f4nes<\/strong> en Laponie en Finlande. Nous avons dans notre disposition des<strong> DJI Mini 5 Pro<\/strong> <span>qui produisent des images 4K (vid\u00e9os) et des photos a\u00e9riennes de la haute qualit\u00e9.<\/span><\/p>\n<p><span>Notre activit\u00e9 de tournage par drone est l\u00e9galement enregistr\u00e9e en Finlande chez Trafi et enti\u00e8rement assur\u00e9es par une assurance distincte pour les drones de Pohjola Insurance. Nous op\u00e9rons conform\u00e9ment aux r\u00e8gles communes de l\u2019UE et \u00e0 la l\u00e9gislation applicable au niveau national. Nous apportons un soin particulier au pilotage de notre drone et nous volons de mani\u00e8re professionnelle depuis cinq ans.<\/span><\/p>\n<p>Contactez-nous pour plus d&rsquo;info: company@santatelevision.com &amp; t\u00e9l. +358 40 8351428<\/p>\n<p><em>NOTEZ BIEN: pour des questions d&rsquo;assurances nous offrons nos services de drone uniquement en Finlande et pas en Laponie su\u00e9doise.\u00a0<\/em><br \/>\n***<\/p>\n<p><strong>Voici quelques exemples des vid\u00e9os que nous avons r\u00e9alis\u00e9es avec l&rsquo;aide des drones en Laponie finlandaise:<\/strong><br \/>\n<strong><\/strong><\/p>\n<p>&nbsp;<\/p>\n","protected":false},"excerpt":{"rendered":"<p>Joulupukki TV offre des services de production des images a\u00e9riennes (videos et photos) avec des dr\u00f4nes en Laponie en Finlande. Nous avons dans notre disposition des DJI Mini 5 Pro qui produisent des images 4K (vid\u00e9os) et des photos a\u00e9riennes de la haute qualit\u00e9. Notre activit\u00e9 de tournage par drone est l\u00e9galement enregistr\u00e9e en Finlande &hellip; <a href=\"https:\/\/www.joulupukkitv.com\/fr\/services-video-production-rovaniemi-laponie-finlande\/videos-aeriennes-par-drone\/\">Continued<\/a><\/p>\n","protected":false},"author":2,"featured_media":0,"parent":601,"menu_order":32,"comment_status":"closed","ping_status":"closed","template":"template-aerial.php","meta":{"_acf_changed":false,"footnotes":""},"class_list":["post-569","page","type-page","status-publish","hentry"],"acf":[],"yoast_head":"<title>Vid\u00e9os a\u00e9riennes par dr\u00f4ne \u00e0 Rovaniemi, Laponie et en Finlande - Joulupukki TV<\/title>\n<meta name=\"robots\" content=\"index, follow, max-snippet:-1, max-image-preview:large, max-video-preview:-1\" \/>\n<link rel=\"canonical\" href=\"https:\/\/www.joulupukkitv.com\/fr\/services-video-production-rovaniemi-laponie-finlande\/videos-aeriennes-par-drone\/\" \/>\n<meta property=\"og:locale\" content=\"fr_FR\" \/>\n<meta property=\"og:type\" content=\"article\" \/>\n<meta property=\"og:title\" content=\"Vid\u00e9os a\u00e9riennes par dr\u00f4ne \u00e0 Rovaniemi, Laponie et en Finlande - Joulupukki TV\" \/>\n<meta property=\"og:description\" content=\"Joulupukki TV offre des services de production des images a\u00e9riennes (videos et photos) avec des dr\u00f4nes en Laponie en Finlande. Nous avons dans notre disposition des DJI Mini 5 Pro qui produisent des images 4K (vid\u00e9os) et des photos a\u00e9riennes de la haute qualit\u00e9. Notre activit\u00e9 de tournage par drone est l\u00e9galement enregistr\u00e9e en Finlande &hellip; Continued\" \/>\n<meta property=\"og:url\" content=\"https:\/\/www.joulupukkitv.com\/fr\/services-video-production-rovaniemi-laponie-finlande\/videos-aeriennes-par-drone\/\" \/>\n<meta property=\"og:site_name\" content=\"Joulupukki TV\" \/>\n<meta property=\"article:modified_time\" content=\"2025-09-30T09:26:36+00:00\" \/>\n<meta name=\"twitter:card\" content=\"summary_large_image\" \/>\n<meta name=\"twitter:label1\" content=\"Dur\u00e9e de lecture estim\u00e9e\" \/>\n\t<meta name=\"twitter:data1\" content=\"1 minute\" \/>\n<script type=\"application\/ld+json\" class=\"yoast-schema-graph\">{\"@context\":\"https:\\\/\\\/schema.org\",\"@graph\":[{\"@type\":\"WebPage\",\"@id\":\"https:\\\/\\\/www.joulupukkitv.com\\\/fr\\\/services-video-production-rovaniemi-laponie-finlande\\\/videos-aeriennes-par-drone\\\/\",\"url\":\"https:\\\/\\\/www.joulupukkitv.com\\\/fr\\\/services-video-production-rovaniemi-laponie-finlande\\\/videos-aeriennes-par-drone\\\/\",\"name\":\"Vid\u00e9os a\u00e9riennes par dr\u00f4ne \u00e0 Rovaniemi, Laponie et en Finlande - Joulupukki TV\",\"isPartOf\":{\"@id\":\"https:\\\/\\\/www.joulupukkitv.com\\\/#website\"},\"datePublished\":\"2016-10-14T07:29:41+00:00\",\"dateModified\":\"2025-09-30T09:26:36+00:00\",\"breadcrumb\":{\"@id\":\"https:\\\/\\\/www.joulupukkitv.com\\\/fr\\\/services-video-production-rovaniemi-laponie-finlande\\\/videos-aeriennes-par-drone\\\/#breadcrumb\"},\"inLanguage\":\"fr-FR\",\"potentialAction\":[{\"@type\":\"ReadAction\",\"target\":[\"https:\\\/\\\/www.joulupukkitv.com\\\/fr\\\/services-video-production-rovaniemi-laponie-finlande\\\/videos-aeriennes-par-drone\\\/\"]}]},{\"@type\":\"BreadcrumbList\",\"@id\":\"https:\\\/\\\/www.joulupukkitv.com\\\/fr\\\/services-video-production-rovaniemi-laponie-finlande\\\/videos-aeriennes-par-drone\\\/#breadcrumb\",\"itemListElement\":[{\"@type\":\"ListItem\",\"position\":1,\"name\":\"Etusivu\",\"item\":\"https:\\\/\\\/www.joulupukkitv.com\\\/fr\\\/\"},{\"@type\":\"ListItem\",\"position\":2,\"name\":\"Services &#038; productions de vid\u00e9o et t\u00e9l\u00e9vision \u00e0 Rovaniemi \\\/ Laponie et ailleurs\",\"item\":\"https:\\\/\\\/www.joulupukkitv.com\\\/fr\\\/services-video-production-rovaniemi-laponie-finlande\\\/\"},{\"@type\":\"ListItem\",\"position\":3,\"name\":\"Vid\u00e9os a\u00e9riennes par dr\u00f4ne \u00e0 Rovaniemi, Laponie et en Finlande\"}]},{\"@type\":\"WebSite\",\"@id\":\"https:\\\/\\\/www.joulupukkitv.com\\\/#website\",\"url\":\"https:\\\/\\\/www.joulupukkitv.com\\\/\",\"name\":\"Joulupukki TV\",\"description\":\"Video- ja www-tuotanto\",\"potentialAction\":[{\"@type\":\"SearchAction\",\"target\":{\"@type\":\"EntryPoint\",\"urlTemplate\":\"https:\\\/\\\/www.joulupukkitv.com\\\/search\\\/{search_term_string}\"},\"query-input\":{\"@type\":\"PropertyValueSpecification\",\"valueRequired\":true,\"valueName\":\"search_term_string\"}}],\"inLanguage\":\"fr-FR\"}]}<\/script>","yoast_head_json":{"title":"Vid\u00e9os a\u00e9riennes par dr\u00f4ne \u00e0 Rovaniemi, Laponie et en Finlande - Joulupukki TV","robots":{"index":"index","follow":"follow","max-snippet":"max-snippet:-1","max-image-preview":"max-image-preview:large","max-video-preview":"max-video-preview:-1"},"canonical":"https:\/\/www.joulupukkitv.com\/fr\/services-video-production-rovaniemi-laponie-finlande\/videos-aeriennes-par-drone\/","og_locale":"fr_FR","og_type":"article","og_title":"Vid\u00e9os a\u00e9riennes par dr\u00f4ne \u00e0 Rovaniemi, Laponie et en Finlande - Joulupukki TV","og_description":"Joulupukki TV offre des services de production des images a\u00e9riennes (videos et photos) avec des dr\u00f4nes en Laponie en Finlande. Nous avons dans notre disposition des DJI Mini 5 Pro qui produisent des images 4K (vid\u00e9os) et des photos a\u00e9riennes de la haute qualit\u00e9. Notre activit\u00e9 de tournage par drone est l\u00e9galement enregistr\u00e9e en Finlande &hellip; Continued","og_url":"https:\/\/www.joulupukkitv.com\/fr\/services-video-production-rovaniemi-laponie-finlande\/videos-aeriennes-par-drone\/","og_site_name":"Joulupukki TV","article_modified_time":"2025-09-30T09:26:36+00:00","twitter_card":"summary_large_image","twitter_misc":{"Dur\u00e9e de lecture estim\u00e9e":"1 minute"},"schema":{"@context":"https:\/\/schema.org","@graph":[{"@type":"WebPage","@id":"https:\/\/www.joulupukkitv.com\/fr\/services-video-production-rovaniemi-laponie-finlande\/videos-aeriennes-par-drone\/","url":"https:\/\/www.joulupukkitv.com\/fr\/services-video-production-rovaniemi-laponie-finlande\/videos-aeriennes-par-drone\/","name":"Vid\u00e9os a\u00e9riennes par dr\u00f4ne \u00e0 Rovaniemi, Laponie et en Finlande - Joulupukki TV","isPartOf":{"@id":"https:\/\/www.joulupukkitv.com\/#website"},"datePublished":"2016-10-14T07:29:41+00:00","dateModified":"2025-09-30T09:26:36+00:00","breadcrumb":{"@id":"https:\/\/www.joulupukkitv.com\/fr\/services-video-production-rovaniemi-laponie-finlande\/videos-aeriennes-par-drone\/#breadcrumb"},"inLanguage":"fr-FR","potentialAction":[{"@type":"ReadAction","target":["https:\/\/www.joulupukkitv.com\/fr\/services-video-production-rovaniemi-laponie-finlande\/videos-aeriennes-par-drone\/"]}]},{"@type":"BreadcrumbList","@id":"https:\/\/www.joulupukkitv.com\/fr\/services-video-production-rovaniemi-laponie-finlande\/videos-aeriennes-par-drone\/#breadcrumb","itemListElement":[{"@type":"ListItem","position":1,"name":"Etusivu","item":"https:\/\/www.joulupukkitv.com\/fr\/"},{"@type":"ListItem","position":2,"name":"Services &#038; productions de vid\u00e9o et t\u00e9l\u00e9vision \u00e0 Rovaniemi \/ Laponie et ailleurs","item":"https:\/\/www.joulupukkitv.com\/fr\/services-video-production-rovaniemi-laponie-finlande\/"},{"@type":"ListItem","position":3,"name":"Vid\u00e9os a\u00e9riennes par dr\u00f4ne \u00e0 Rovaniemi, Laponie et en Finlande"}]},{"@type":"WebSite","@id":"https:\/\/www.joulupukkitv.com\/#website","url":"https:\/\/www.joulupukkitv.com\/","name":"Joulupukki TV","description":"Video- ja www-tuotanto","potentialAction":[{"@type":"SearchAction","target":{"@type":"EntryPoint","urlTemplate":"https:\/\/www.joulupukkitv.com\/search\/{search_term_string}"},"query-input":{"@type":"PropertyValueSpecification","valueRequired":true,"valueName":"search_term_string"}}],"inLanguage":"fr-FR"}]}},"_links":{"self":[{"href":"https:\/\/www.joulupukkitv.com\/fr\/wp-json\/wp\/v2\/pages\/569","targetHints":{"allow":["GET"]}}],"collection":[{"href":"https:\/\/www.joulupukkitv.com\/fr\/wp-json\/wp\/v2\/pages"}],"about":[{"href":"https:\/\/www.joulupukkitv.com\/fr\/wp-json\/wp\/v2\/types\/page"}],"author":[{"embeddable":true,"href":"https:\/\/www.joulupukkitv.com\/fr\/wp-json\/wp\/v2\/users\/2"}],"replies":[{"embeddable":true,"href":"https:\/\/www.joulupukkitv.com\/fr\/wp-json\/wp\/v2\/comments?post=569"}],"version-history":[{"count":6,"href":"https:\/\/www.joulupukkitv.com\/fr\/wp-json\/wp\/v2\/pages\/569\/revisions"}],"predecessor-version":[{"id":3552,"href":"https:\/\/www.joulupukkitv.com\/fr\/wp-json\/wp\/v2\/pages\/569\/revisions\/3552"}],"up":[{"embeddable":true,"href":"https:\/\/www.joulupukkitv.com\/fr\/wp-json\/wp\/v2\/pages\/601"}],"wp:attachment":[{"href":"https:\/\/www.joulupukkitv.com\/fr\/wp-json\/wp\/v2\/media?parent=569"}],"curies":[{"name":"wp","href":"https:\/\/api.w.org\/{rel}","templated":true}]}}