{"id":577,"date":"2016-10-14T14:33:57","date_gmt":"2016-10-14T11:33:57","guid":{"rendered":"http:\/\/www.joulupukkitv.com\/fr\/www-tuotanto\/"},"modified":"2025-02-21T12:01:40","modified_gmt":"2025-02-21T10:01:40","slug":"web-design-www-internet-site","status":"publish","type":"page","link":"https:\/\/www.joulupukkitv.com\/fr\/web-design-medias-sociaux\/web-design-www-internet-site\/","title":{"rendered":"Web-design et production des sites d&rsquo;Internet"},"content":{"rendered":"<p>Joulupukki TV produit des services de web design haut de gamme et rentables aux soci\u00e9t\u00e9s et aux organisations. Nous avons cr\u00e9\u00e9 une quantit\u00e9 importante de sites Web attirants qui int\u00e8grent parfaitement les services de m\u00e9dias sociaux, comme Youtube, Facebook, Pinterest et Instagram pour en nommer quelques-uns. Nos productions sont aussi tr\u00e8s largement ax\u00e9es sur la SEO (seach engine optimisation = optimisation pour les moteurs de recherche). De plus, nous pouvons facilement int\u00e9grer un <strong>chatbot<\/strong> bas\u00e9 sur ChatGPT-4 sur le site web, que nous formerons en fonction des besoins du client.<\/p>\n<p>Nous avons choisi d\u2019utiliser <a href=\"http:\/\/www.wordpress.org\/\" target=\"_blank\" rel=\"noopener\">WordPress<\/a> (rentable, s\u00e9curis\u00e9 et fiable) comme notre syst\u00e8me de gestion de contenu favori. Nous d\u00e9veloppons et personnalisons le site Web et son backend pour s\u2019adapter le mieux possible aux besoins de nos clients. Nous pouvons aussi construire, g\u00e9rer et mettre \u00e0 jour les sites qui utilisent d&rsquo;autres solutions bas\u00e9es sur php \/ mysql et d&rsquo;autres syst\u00e8mes de gestion de contenu.<\/p>\n<p><strong>Voici certains sites Web que nous avons construits :<\/strong><\/p>\n","protected":false},"excerpt":{"rendered":"<p>Joulupukki TV produit des services de web design haut de gamme et rentables aux soci\u00e9t\u00e9s et aux organisations. Nous avons cr\u00e9\u00e9 une quantit\u00e9 importante de sites Web attirants qui int\u00e8grent parfaitement les services de m\u00e9dias sociaux, comme Youtube, Facebook, Pinterest et Instagram pour en nommer quelques-uns. Nos productions sont aussi tr\u00e8s largement ax\u00e9es sur la &hellip; <a href=\"https:\/\/www.joulupukkitv.com\/fr\/web-design-medias-sociaux\/web-design-www-internet-site\/\">Continued<\/a><\/p>\n","protected":false},"author":2,"featured_media":0,"parent":603,"menu_order":51,"comment_status":"closed","ping_status":"closed","template":"template-webservice.php","meta":{"_acf_changed":false,"footnotes":""},"class_list":["post-577","page","type-page","status-publish","hentry"],"acf":[],"yoast_head":"<title>Web-design &amp; cr\u00e9ation des sites d&#039;Internet Joulupukki TV Finlande Rovaniemi<\/title>\n<meta name=\"description\" content=\"Joulupukki TV: Web-design &amp; cr\u00e9ation des sites d&#039;Internet - www site productions- Laponie - Finlande Rovaniemi\" \/>\n<meta name=\"robots\" content=\"index, follow, max-snippet:-1, max-image-preview:large, max-video-preview:-1\" \/>\n<link rel=\"canonical\" href=\"https:\/\/www.joulupukkitv.com\/fr\/web-design-medias-sociaux\/web-design-www-internet-site\/\" \/>\n<meta property=\"og:locale\" content=\"fr_FR\" \/>\n<meta property=\"og:type\" content=\"article\" \/>\n<meta property=\"og:title\" content=\"Web-design &amp; cr\u00e9ation des sites d&#039;Internet Joulupukki TV Finlande Rovaniemi\" \/>\n<meta property=\"og:description\" content=\"Joulupukki TV: Web-design &amp; cr\u00e9ation des sites d&#039;Internet - www site productions- Laponie - Finlande Rovaniemi\" \/>\n<meta property=\"og:url\" content=\"https:\/\/www.joulupukkitv.com\/fr\/web-design-medias-sociaux\/web-design-www-internet-site\/\" \/>\n<meta property=\"og:site_name\" content=\"Joulupukki TV\" \/>\n<meta property=\"article:modified_time\" content=\"2025-02-21T10:01:40+00:00\" \/>\n<meta name=\"twitter:card\" content=\"summary_large_image\" \/>\n<meta name=\"twitter:label1\" content=\"Dur\u00e9e de lecture estim\u00e9e\" \/>\n\t<meta name=\"twitter:data1\" content=\"2 minutes\" \/>\n<script type=\"application\/ld+json\" class=\"yoast-schema-graph\">{\"@context\":\"https:\\\/\\\/schema.org\",\"@graph\":[{\"@type\":\"WebPage\",\"@id\":\"https:\\\/\\\/www.joulupukkitv.com\\\/fr\\\/web-design-medias-sociaux\\\/web-design-www-internet-site\\\/\",\"url\":\"https:\\\/\\\/www.joulupukkitv.com\\\/fr\\\/web-design-medias-sociaux\\\/web-design-www-internet-site\\\/\",\"name\":\"Web-design & cr\u00e9ation des sites d'Internet Joulupukki TV Finlande Rovaniemi\",\"isPartOf\":{\"@id\":\"https:\\\/\\\/www.joulupukkitv.com\\\/#website\"},\"datePublished\":\"2016-10-14T11:33:57+00:00\",\"dateModified\":\"2025-02-21T10:01:40+00:00\",\"description\":\"Joulupukki TV: Web-design & cr\u00e9ation des sites d'Internet - www site productions- Laponie - Finlande Rovaniemi\",\"breadcrumb\":{\"@id\":\"https:\\\/\\\/www.joulupukkitv.com\\\/fr\\\/web-design-medias-sociaux\\\/web-design-www-internet-site\\\/#breadcrumb\"},\"inLanguage\":\"fr-FR\",\"potentialAction\":[{\"@type\":\"ReadAction\",\"target\":[\"https:\\\/\\\/www.joulupukkitv.com\\\/fr\\\/web-design-medias-sociaux\\\/web-design-www-internet-site\\\/\"]}]},{\"@type\":\"BreadcrumbList\",\"@id\":\"https:\\\/\\\/www.joulupukkitv.com\\\/fr\\\/web-design-medias-sociaux\\\/web-design-www-internet-site\\\/#breadcrumb\",\"itemListElement\":[{\"@type\":\"ListItem\",\"position\":1,\"name\":\"Etusivu\",\"item\":\"https:\\\/\\\/www.joulupukkitv.com\\\/fr\\\/\"},{\"@type\":\"ListItem\",\"position\":2,\"name\":\"Web Design &#038; Social Media\",\"item\":\"https:\\\/\\\/www.joulupukkitv.com\\\/fr\\\/web-design-medias-sociaux\\\/\"},{\"@type\":\"ListItem\",\"position\":3,\"name\":\"Web-design et production des sites d&#8217;Internet\"}]},{\"@type\":\"WebSite\",\"@id\":\"https:\\\/\\\/www.joulupukkitv.com\\\/#website\",\"url\":\"https:\\\/\\\/www.joulupukkitv.com\\\/\",\"name\":\"Joulupukki TV\",\"description\":\"Video- ja www-tuotanto\",\"potentialAction\":[{\"@type\":\"SearchAction\",\"target\":{\"@type\":\"EntryPoint\",\"urlTemplate\":\"https:\\\/\\\/www.joulupukkitv.com\\\/search\\\/{search_term_string}\"},\"query-input\":{\"@type\":\"PropertyValueSpecification\",\"valueRequired\":true,\"valueName\":\"search_term_string\"}}],\"inLanguage\":\"fr-FR\"}]}<\/script>","yoast_head_json":{"title":"Web-design & cr\u00e9ation des sites d'Internet Joulupukki TV Finlande Rovaniemi","description":"Joulupukki TV: Web-design & cr\u00e9ation des sites d'Internet - www site productions- Laponie - Finlande Rovaniemi","robots":{"index":"index","follow":"follow","max-snippet":"max-snippet:-1","max-image-preview":"max-image-preview:large","max-video-preview":"max-video-preview:-1"},"canonical":"https:\/\/www.joulupukkitv.com\/fr\/web-design-medias-sociaux\/web-design-www-internet-site\/","og_locale":"fr_FR","og_type":"article","og_title":"Web-design & cr\u00e9ation des sites d'Internet Joulupukki TV Finlande Rovaniemi","og_description":"Joulupukki TV: Web-design & cr\u00e9ation des sites d'Internet - www site productions- Laponie - Finlande Rovaniemi","og_url":"https:\/\/www.joulupukkitv.com\/fr\/web-design-medias-sociaux\/web-design-www-internet-site\/","og_site_name":"Joulupukki TV","article_modified_time":"2025-02-21T10:01:40+00:00","twitter_card":"summary_large_image","twitter_misc":{"Dur\u00e9e de lecture estim\u00e9e":"2 minutes"},"schema":{"@context":"https:\/\/schema.org","@graph":[{"@type":"WebPage","@id":"https:\/\/www.joulupukkitv.com\/fr\/web-design-medias-sociaux\/web-design-www-internet-site\/","url":"https:\/\/www.joulupukkitv.com\/fr\/web-design-medias-sociaux\/web-design-www-internet-site\/","name":"Web-design & cr\u00e9ation des sites d'Internet Joulupukki TV Finlande Rovaniemi","isPartOf":{"@id":"https:\/\/www.joulupukkitv.com\/#website"},"datePublished":"2016-10-14T11:33:57+00:00","dateModified":"2025-02-21T10:01:40+00:00","description":"Joulupukki TV: Web-design & cr\u00e9ation des sites d'Internet - www site productions- Laponie - Finlande Rovaniemi","breadcrumb":{"@id":"https:\/\/www.joulupukkitv.com\/fr\/web-design-medias-sociaux\/web-design-www-internet-site\/#breadcrumb"},"inLanguage":"fr-FR","potentialAction":[{"@type":"ReadAction","target":["https:\/\/www.joulupukkitv.com\/fr\/web-design-medias-sociaux\/web-design-www-internet-site\/"]}]},{"@type":"BreadcrumbList","@id":"https:\/\/www.joulupukkitv.com\/fr\/web-design-medias-sociaux\/web-design-www-internet-site\/#breadcrumb","itemListElement":[{"@type":"ListItem","position":1,"name":"Etusivu","item":"https:\/\/www.joulupukkitv.com\/fr\/"},{"@type":"ListItem","position":2,"name":"Web Design &#038; Social Media","item":"https:\/\/www.joulupukkitv.com\/fr\/web-design-medias-sociaux\/"},{"@type":"ListItem","position":3,"name":"Web-design et production des sites d&#8217;Internet"}]},{"@type":"WebSite","@id":"https:\/\/www.joulupukkitv.com\/#website","url":"https:\/\/www.joulupukkitv.com\/","name":"Joulupukki TV","description":"Video- ja www-tuotanto","potentialAction":[{"@type":"SearchAction","target":{"@type":"EntryPoint","urlTemplate":"https:\/\/www.joulupukkitv.com\/search\/{search_term_string}"},"query-input":{"@type":"PropertyValueSpecification","valueRequired":true,"valueName":"search_term_string"}}],"inLanguage":"fr-FR"}]}},"_links":{"self":[{"href":"https:\/\/www.joulupukkitv.com\/fr\/wp-json\/wp\/v2\/pages\/577","targetHints":{"allow":["GET"]}}],"collection":[{"href":"https:\/\/www.joulupukkitv.com\/fr\/wp-json\/wp\/v2\/pages"}],"about":[{"href":"https:\/\/www.joulupukkitv.com\/fr\/wp-json\/wp\/v2\/types\/page"}],"author":[{"embeddable":true,"href":"https:\/\/www.joulupukkitv.com\/fr\/wp-json\/wp\/v2\/users\/2"}],"replies":[{"embeddable":true,"href":"https:\/\/www.joulupukkitv.com\/fr\/wp-json\/wp\/v2\/comments?post=577"}],"version-history":[{"count":6,"href":"https:\/\/www.joulupukkitv.com\/fr\/wp-json\/wp\/v2\/pages\/577\/revisions"}],"predecessor-version":[{"id":3373,"href":"https:\/\/www.joulupukkitv.com\/fr\/wp-json\/wp\/v2\/pages\/577\/revisions\/3373"}],"up":[{"embeddable":true,"href":"https:\/\/www.joulupukkitv.com\/fr\/wp-json\/wp\/v2\/pages\/603"}],"wp:attachment":[{"href":"https:\/\/www.joulupukkitv.com\/fr\/wp-json\/wp\/v2\/media?parent=577"}],"curies":[{"name":"wp","href":"https:\/\/api.w.org\/{rel}","templated":true}]}}