{"id":587,"date":"2016-10-13T13:13:51","date_gmt":"2016-10-13T10:13:51","guid":{"rendered":"http:\/\/www.joulupukkitv.com\/fr\/santatelevision\/"},"modified":"2026-01-13T12:40:08","modified_gmt":"2026-01-13T10:40:08","slug":"santatelevision-webtele-pere-noel","status":"publish","type":"page","link":"https:\/\/www.joulupukkitv.com\/fr\/santatelevision-webtele-pere-noel\/","title":{"rendered":"Santatelevision \/ Perenoel.fi &#8211; webt\u00e9l\u00e9 du P\u00e8re No\u00ebl en Laponie"},"content":{"rendered":"<p><a href=\"https:\/\/perenoel.fi\">www.Perenoel.fi<\/a> \/ <a href=\"https:\/\/santatelevision.com\/perenoel\">www.Santatelevision.com<\/a> est une cha\u00eene de t\u00e9l\u00e9vision internet fond\u00e9e en 2000, qui cible les familles et les voyageurs. Santatelevision se concentre sur le P\u00e8re No\u00ebl, ses rennes et ses lutins, la <a href=\"https:\/\/laponie.fi\/\">Laponie finlandaise<\/a> et les aurores bor\u00e9ales. La cha\u00eene est en six langues: anglais, finnois, allemand, fran\u00e7ais, italien et espagnol.<\/p>\n<p>Santatelevision est une marque communautaire (CTM = Community Trade Mark). Santatelevision.com \/ Perenoel.fi est produit par l\u2019entreprise m\u00e9dia Joulupukki Tv Oy\u00a0 (\u00ab Joulupukki \u00bb signifie P\u00e8re No\u00ebl en finnois), situ\u00e9e \u00e0 Rovaniemi en Laponie finlandaise.<\/p>\n<p>Les autres versions de santatelevision sont\u00a0:<\/p>\n<p><a href=\"https:\/\/weihnachtsmann.fi\" target=\"_blank\" rel=\"noopener noreferrer\">www.weihnachtsmann.fi<\/a><br \/>\n<a href=\"https:\/\/babbonatale.fi\" target=\"_blank\" rel=\"noopener noreferrer\">www.babbonatale.fi<\/a><br \/>\n<a href=\"https:\/\/papanoel.fi\" target=\"_blank\" rel=\"noopener noreferrer\">www.papanoel.fi<\/a><br \/>\n<a href=\"https:\/\/laponie.fi\" target=\"_blank\" rel=\"noopener noreferrer\">www.laponie.fi<\/a><\/p>\n<p>Perenoel.fi \/ Santatelevision.com a aussi sa propre cha\u00eene de Youtube: <a href=\"http:\/\/www.youtube.com\/santatelevision\" target=\"_blank\" rel=\"noopener noreferrer\">www.youtube.com\/santatelevision <\/a>et page Facebook: <a href=\"http:\/\/www.facebook.com\/perenoelfi\" target=\"_blank\" rel=\"noopener noreferrer\">www.facebook.com\/perenoelfi <\/a>\u00a0. Les vid\u00e9os dans la cha\u00eene de Youtube ont \u00e9t\u00e9 vues plus de 270 million de fois. Chez Santatelevision il y a aussi les <a href=\"https:\/\/www.youtube.com\/santatelevision\/shorts\">Youtube Shorts du P\u00e8re No\u00ebl<\/a>. Vous trouvez aussi Santatelevision chez Tiktok: <a href=\"https:\/\/www.tiktok.com\/@santatelevision.lapland\">https:\/\/www.tiktok.com\/@santatelevision.lapland<\/a><\/p>\n<p>Joulupukki TV produit \u00e9galement la webt\u00e9l\u00e9 \u00ab\u00a0Europe Video Productions\u00a0\u00bb qui pr\u00e9sente les meilleures destinations touristiques europ\u00e9ennes: <a href=\"https:\/\/europevideoproductions.com\/fr\" target=\"_blank\" rel=\"noopener noreferrer\">www.europevideoproductions.com\/fr<\/a><\/p>\n<p><strong>Regardez la bande annonce de la cha\u00eene Youtube de Santatelevision:<\/strong><\/p>\n<div class=\"entry-content-asset\">\n<div class=\"embed-responsive embed-responsive-16by9\" data-aspectratio=\"1.7793594306\"><iframe title=\"Santatelevision Youtube channel trailer: Santa Claus TV Lapland Finland Christmas\" src=\"https:\/\/www.youtube.com\/embed\/SpQiVFkzwX0?feature=oembed&#038;rel=0&#038;enablejsapi=1\" frameborder=\"0\" allow=\"accelerometer; autoplay; clipboard-write; encrypted-media; gyroscope; picture-in-picture; web-share\" referrerpolicy=\"strict-origin-when-cross-origin\" allowfullscreen id=\"yt-SpQiVFkzwX0\"><\/iframe><\/div>\n<\/div>\n","protected":false},"excerpt":{"rendered":"<p>www.Perenoel.fi \/ www.Santatelevision.com est une cha\u00eene de t\u00e9l\u00e9vision internet fond\u00e9e en 2000, qui cible les familles et les voyageurs. Santatelevision se concentre sur le P\u00e8re No\u00ebl, ses rennes et ses lutins, la Laponie finlandaise et les aurores bor\u00e9ales. La cha\u00eene est en six langues: anglais, finnois, allemand, fran\u00e7ais, italien et espagnol. Santatelevision est une marque &hellip; <a href=\"https:\/\/www.joulupukkitv.com\/fr\/santatelevision-webtele-pere-noel\/\">Continued<\/a><\/p>\n","protected":false},"author":2,"featured_media":0,"parent":0,"menu_order":59,"comment_status":"closed","ping_status":"closed","template":"","meta":{"_acf_changed":false,"footnotes":""},"class_list":["post-587","page","type-page","status-publish","hentry"],"acf":[],"yoast_head":"<title>Santatelevision Perenoel.fi : webt\u00e9l\u00e9 du P\u00e8re No\u00ebl en Laponie Finlande<\/title>\n<meta name=\"description\" content=\"Perenoel.fi \/ Santatelevision.com est une cha\u00eene de t\u00e9l\u00e9 internet qui cible les familles et les voyageurs. Il se concentre sur le P\u00e8re No\u00ebl, ses rennes et ses lutins, la Laponie finlandaise et les aurores bor\u00e9ales.\" \/>\n<meta name=\"robots\" content=\"index, follow, max-snippet:-1, max-image-preview:large, max-video-preview:-1\" \/>\n<link rel=\"canonical\" href=\"https:\/\/www.joulupukkitv.com\/fr\/santatelevision-webtele-pere-noel\/\" \/>\n<meta property=\"og:locale\" content=\"fr_FR\" \/>\n<meta property=\"og:type\" content=\"article\" \/>\n<meta property=\"og:title\" content=\"Santatelevision Perenoel.fi : webt\u00e9l\u00e9 du P\u00e8re No\u00ebl en Laponie Finlande\" \/>\n<meta property=\"og:description\" content=\"Perenoel.fi \/ Santatelevision.com est une cha\u00eene de t\u00e9l\u00e9 internet qui cible les familles et les voyageurs. Il se concentre sur le P\u00e8re No\u00ebl, ses rennes et ses lutins, la Laponie finlandaise et les aurores bor\u00e9ales.\" \/>\n<meta property=\"og:url\" content=\"https:\/\/www.joulupukkitv.com\/fr\/santatelevision-webtele-pere-noel\/\" \/>\n<meta property=\"og:site_name\" content=\"Joulupukki TV\" \/>\n<meta property=\"article:modified_time\" content=\"2026-01-13T10:40:08+00:00\" \/>\n<meta name=\"twitter:card\" content=\"summary_large_image\" \/>\n<meta name=\"twitter:label1\" content=\"Dur\u00e9e de lecture estim\u00e9e\" \/>\n\t<meta name=\"twitter:data1\" content=\"2 minutes\" \/>\n<script type=\"application\/ld+json\" class=\"yoast-schema-graph\">{\"@context\":\"https:\\\/\\\/schema.org\",\"@graph\":[{\"@type\":\"WebPage\",\"@id\":\"https:\\\/\\\/www.joulupukkitv.com\\\/fr\\\/santatelevision-webtele-pere-noel\\\/\",\"url\":\"https:\\\/\\\/www.joulupukkitv.com\\\/fr\\\/santatelevision-webtele-pere-noel\\\/\",\"name\":\"Santatelevision Perenoel.fi : webt\u00e9l\u00e9 du P\u00e8re No\u00ebl en Laponie Finlande\",\"isPartOf\":{\"@id\":\"https:\\\/\\\/www.joulupukkitv.com\\\/#website\"},\"datePublished\":\"2016-10-13T10:13:51+00:00\",\"dateModified\":\"2026-01-13T10:40:08+00:00\",\"description\":\"Perenoel.fi \\\/ Santatelevision.com est une cha\u00eene de t\u00e9l\u00e9 internet qui cible les familles et les voyageurs. Il se concentre sur le P\u00e8re No\u00ebl, ses rennes et ses lutins, la Laponie finlandaise et les aurores bor\u00e9ales.\",\"breadcrumb\":{\"@id\":\"https:\\\/\\\/www.joulupukkitv.com\\\/fr\\\/santatelevision-webtele-pere-noel\\\/#breadcrumb\"},\"inLanguage\":\"fr-FR\",\"potentialAction\":[{\"@type\":\"ReadAction\",\"target\":[\"https:\\\/\\\/www.joulupukkitv.com\\\/fr\\\/santatelevision-webtele-pere-noel\\\/\"]}]},{\"@type\":\"BreadcrumbList\",\"@id\":\"https:\\\/\\\/www.joulupukkitv.com\\\/fr\\\/santatelevision-webtele-pere-noel\\\/#breadcrumb\",\"itemListElement\":[{\"@type\":\"ListItem\",\"position\":1,\"name\":\"Etusivu\",\"item\":\"https:\\\/\\\/www.joulupukkitv.com\\\/fr\\\/\"},{\"@type\":\"ListItem\",\"position\":2,\"name\":\"Santatelevision \\\/ Perenoel.fi &#8211; webt\u00e9l\u00e9 du P\u00e8re No\u00ebl en Laponie\"}]},{\"@type\":\"WebSite\",\"@id\":\"https:\\\/\\\/www.joulupukkitv.com\\\/#website\",\"url\":\"https:\\\/\\\/www.joulupukkitv.com\\\/\",\"name\":\"Joulupukki TV\",\"description\":\"Video- ja www-tuotanto\",\"potentialAction\":[{\"@type\":\"SearchAction\",\"target\":{\"@type\":\"EntryPoint\",\"urlTemplate\":\"https:\\\/\\\/www.joulupukkitv.com\\\/search\\\/{search_term_string}\"},\"query-input\":{\"@type\":\"PropertyValueSpecification\",\"valueRequired\":true,\"valueName\":\"search_term_string\"}}],\"inLanguage\":\"fr-FR\"}]}<\/script>","yoast_head_json":{"title":"Santatelevision Perenoel.fi : webt\u00e9l\u00e9 du P\u00e8re No\u00ebl en Laponie Finlande","description":"Perenoel.fi \/ Santatelevision.com est une cha\u00eene de t\u00e9l\u00e9 internet qui cible les familles et les voyageurs. Il se concentre sur le P\u00e8re No\u00ebl, ses rennes et ses lutins, la Laponie finlandaise et les aurores bor\u00e9ales.","robots":{"index":"index","follow":"follow","max-snippet":"max-snippet:-1","max-image-preview":"max-image-preview:large","max-video-preview":"max-video-preview:-1"},"canonical":"https:\/\/www.joulupukkitv.com\/fr\/santatelevision-webtele-pere-noel\/","og_locale":"fr_FR","og_type":"article","og_title":"Santatelevision Perenoel.fi : webt\u00e9l\u00e9 du P\u00e8re No\u00ebl en Laponie Finlande","og_description":"Perenoel.fi \/ Santatelevision.com est une cha\u00eene de t\u00e9l\u00e9 internet qui cible les familles et les voyageurs. Il se concentre sur le P\u00e8re No\u00ebl, ses rennes et ses lutins, la Laponie finlandaise et les aurores bor\u00e9ales.","og_url":"https:\/\/www.joulupukkitv.com\/fr\/santatelevision-webtele-pere-noel\/","og_site_name":"Joulupukki TV","article_modified_time":"2026-01-13T10:40:08+00:00","twitter_card":"summary_large_image","twitter_misc":{"Dur\u00e9e de lecture estim\u00e9e":"2 minutes"},"schema":{"@context":"https:\/\/schema.org","@graph":[{"@type":"WebPage","@id":"https:\/\/www.joulupukkitv.com\/fr\/santatelevision-webtele-pere-noel\/","url":"https:\/\/www.joulupukkitv.com\/fr\/santatelevision-webtele-pere-noel\/","name":"Santatelevision Perenoel.fi : webt\u00e9l\u00e9 du P\u00e8re No\u00ebl en Laponie Finlande","isPartOf":{"@id":"https:\/\/www.joulupukkitv.com\/#website"},"datePublished":"2016-10-13T10:13:51+00:00","dateModified":"2026-01-13T10:40:08+00:00","description":"Perenoel.fi \/ Santatelevision.com est une cha\u00eene de t\u00e9l\u00e9 internet qui cible les familles et les voyageurs. Il se concentre sur le P\u00e8re No\u00ebl, ses rennes et ses lutins, la Laponie finlandaise et les aurores bor\u00e9ales.","breadcrumb":{"@id":"https:\/\/www.joulupukkitv.com\/fr\/santatelevision-webtele-pere-noel\/#breadcrumb"},"inLanguage":"fr-FR","potentialAction":[{"@type":"ReadAction","target":["https:\/\/www.joulupukkitv.com\/fr\/santatelevision-webtele-pere-noel\/"]}]},{"@type":"BreadcrumbList","@id":"https:\/\/www.joulupukkitv.com\/fr\/santatelevision-webtele-pere-noel\/#breadcrumb","itemListElement":[{"@type":"ListItem","position":1,"name":"Etusivu","item":"https:\/\/www.joulupukkitv.com\/fr\/"},{"@type":"ListItem","position":2,"name":"Santatelevision \/ Perenoel.fi &#8211; webt\u00e9l\u00e9 du P\u00e8re No\u00ebl en Laponie"}]},{"@type":"WebSite","@id":"https:\/\/www.joulupukkitv.com\/#website","url":"https:\/\/www.joulupukkitv.com\/","name":"Joulupukki TV","description":"Video- ja www-tuotanto","potentialAction":[{"@type":"SearchAction","target":{"@type":"EntryPoint","urlTemplate":"https:\/\/www.joulupukkitv.com\/search\/{search_term_string}"},"query-input":{"@type":"PropertyValueSpecification","valueRequired":true,"valueName":"search_term_string"}}],"inLanguage":"fr-FR"}]}},"_links":{"self":[{"href":"https:\/\/www.joulupukkitv.com\/fr\/wp-json\/wp\/v2\/pages\/587","targetHints":{"allow":["GET"]}}],"collection":[{"href":"https:\/\/www.joulupukkitv.com\/fr\/wp-json\/wp\/v2\/pages"}],"about":[{"href":"https:\/\/www.joulupukkitv.com\/fr\/wp-json\/wp\/v2\/types\/page"}],"author":[{"embeddable":true,"href":"https:\/\/www.joulupukkitv.com\/fr\/wp-json\/wp\/v2\/users\/2"}],"replies":[{"embeddable":true,"href":"https:\/\/www.joulupukkitv.com\/fr\/wp-json\/wp\/v2\/comments?post=587"}],"version-history":[{"count":6,"href":"https:\/\/www.joulupukkitv.com\/fr\/wp-json\/wp\/v2\/pages\/587\/revisions"}],"predecessor-version":[{"id":3623,"href":"https:\/\/www.joulupukkitv.com\/fr\/wp-json\/wp\/v2\/pages\/587\/revisions\/3623"}],"wp:attachment":[{"href":"https:\/\/www.joulupukkitv.com\/fr\/wp-json\/wp\/v2\/media?parent=587"}],"curies":[{"name":"wp","href":"https:\/\/api.w.org\/{rel}","templated":true}]}}