{"id":601,"date":"2016-10-13T13:13:51","date_gmt":"2016-10-13T10:13:51","guid":{"rendered":"http:\/\/www.joulupukkitv.com\/fr\/videopalvelut\/"},"modified":"2026-02-20T08:18:48","modified_gmt":"2026-02-20T06:18:48","slug":"services-video-production-rovaniemi-laponie-finlande","status":"publish","type":"page","link":"https:\/\/www.joulupukkitv.com\/fr\/services-video-production-rovaniemi-laponie-finlande\/","title":{"rendered":"Services &#038; productions de vid\u00e9o et t\u00e9l\u00e9vision \u00e0 Rovaniemi \/ Laponie et ailleurs"},"content":{"rendered":"<p><strong>Joulupukki TV<\/strong><span> (aussi connu sous le nom de \u00ab\u00a0<\/span><strong>Europe Video Productions<\/strong><span>\u00ab\u00a0) bas\u00e9 \u00e0 <a href=\"https:\/\/www.visitrovaniemi.fi\/fr\/\">Rovaniemi<\/a> en <a href=\"https:\/\/laponie.fi\/\">Laponie finlandaise<\/a> offre aux entreprises et aux organisations des services de vid\u00e9o et de t\u00e9l\u00e9vision de haute qualit\u00e9.<\/span><\/p>\n<p><span>Joulupukki TV offre \u00e0 ses clients des solutions compl\u00e8tes, allant de la conception jusqu\u2019\u00e0 l\u2019h\u00e9bergement de vid\u00e9os en ligne sur internet. En accord avec votre demande, notre \u00e9quipe d\u2019experts peut r\u00e9aliser un projet complet ou encore des services plus sp\u00e9cifiques afin de r\u00e9pondre \u00e0 vos besoins.<\/span><\/p>\n<p><span>Joulupukki TV a r\u00e9alis\u00e9 des dizaines de vid\u00e9os de pr\u00e9sentation depuis 2000. Leader dans son domaine en Finlande et travaillant partout en Europe, notre soci\u00e9t\u00e9 a acquis une exp\u00e9rience importante en travaillant notamment avec des entreprises de tourisme et de loisirs, des fabricants de maisons en bois ou encore avec des collectivit\u00e9s territoriales. <\/span>Cliquez <a href=\"http:\/\/www.joulupukkitv.com\/fr\/services-video-production\/references\/\">ICI <\/a>pour visionner quelques unes de nos r\u00e9alisations.<a href=\"http:\/\/www.joulupukkitv.com\/fr\/video\/demos\/\"> <\/a><span><\/span><\/p>\n<p>Notre soci\u00e9t\u00e9 est \u00e9galement \u00e9quip\u00e9e de<strong> plusieurs dr\u00f4nes<\/strong> pour la prise des images a\u00e9riennes (plus d&rsquo;info\u00a0<a href=\"http:\/\/www.joulupukkitv.com\/fr\/services-video-production\/videos-aeriennes-par-drone\/\" style=\"background-color: #ffffff;\">ICI<\/a>).<\/p>\n<p><strong>Productions t\u00e9l\u00e9vis\u00e9es sur le Nord et l\u2019Arctique<\/strong><o:p><\/o:p><\/p>\n<p style=\"background: white;\">Depuis sa cr\u00e9ation en 2000, Joulupukki TV a \u00e9galement particip\u00e9 \u00e0 diff\u00e9rentes productions t\u00e9l\u00e9vis\u00e9es li\u00e9es \u00e0 la Laponie et \u00e0 No\u00ebl. Nous avons particip\u00e9 en tant que partenaires des films ou des s\u00e9ries t\u00e9l\u00e9vis\u00e9es comme \u201cCalendrier Magique\u201d (\u00ab\u00a0Magical Christmas Advent Calender\u00a0\u00bb) ou \u201c<a href=\"http:\/\/www.allocine.fr\/film\/fichefilm_gen_cfilm=243476.html\">Tom au Pays du P\u00e8re No\u00ebl<\/a>\u201d et nous avons travaill\u00e9 en tant que soci\u00e9t\u00e9 de services de productions dans de nombreuses productions t\u00e9l\u00e9vis\u00e9es comme \u201c<a href=\"https:\/\/www.youtube.com\/watch?v=683LtSZ-V6I&amp;list=PL5yXhBbYGJaJ7TrGIuo0mnsIirArE0sGL\">C8 &#8211; Baba en Laponie \u00e0 recherche du P\u00e8re No\u00ebl<\/a>\u201d.<\/p>\n<p>Nous travaillons aussi chaque ann\u00e9e pour plusieurs \u00e9missions d&rsquo;actualit\u00e9, souvent autour du th\u00e8me du No\u00ebl et <a href=\"https:\/\/perenoel.fi\/\">P\u00e8re No\u00ebl<\/a>, pour des cha\u00eenes comme BBC, France T\u00e9l\u00e9vision ou TF1 et nous travaillons comme <strong>fixeurs<\/strong> pour des groupes \u00e9trangers.<\/p>\n<p>***<\/p>\n<p><span>Si vous d\u00e9sirez en apprendre plus sur nos services vid\u00e9o et de t\u00e9l\u00e9vision, veuillez contacter:<\/span><\/p>\n<p><span>Tommi Lappalainen<\/span><br \/>\n<span>Directeur ex\u00e9cutif\u00a0 \/ producteur de Joulupukki TV<\/span><br \/>\n<a href=\"mailto:company@santatelevision.com\">company@santatelevision.com<\/a><br \/>\n<span>Mobile : + 358 40 835 1428<\/span><\/p>\n","protected":false},"excerpt":{"rendered":"<p>Joulupukki TV (aussi connu sous le nom de \u00ab\u00a0Europe Video Productions\u00ab\u00a0) bas\u00e9 \u00e0 Rovaniemi en Laponie finlandaise offre aux entreprises et aux organisations des services de vid\u00e9o et de t\u00e9l\u00e9vision de haute qualit\u00e9. Joulupukki TV offre \u00e0 ses clients des solutions compl\u00e8tes, allant de la conception jusqu\u2019\u00e0 l\u2019h\u00e9bergement de vid\u00e9os en ligne sur internet. En &hellip; <a href=\"https:\/\/www.joulupukkitv.com\/fr\/services-video-production-rovaniemi-laponie-finlande\/\">Continued<\/a><\/p>\n","protected":false},"author":2,"featured_media":0,"parent":0,"menu_order":23,"comment_status":"closed","ping_status":"closed","template":"template-videoservices.php","meta":{"_acf_changed":false,"footnotes":""},"class_list":["post-601","page","type-page","status-publish","hentry"],"acf":[],"yoast_head":"<title>Joulupukki TV: services et productions de vid\u00e9o &amp; t\u00e9l\u00e9 Rovaniemi Laponie Finlande<\/title>\n<meta name=\"description\" content=\"Joulupukki TV Oy: services de vid\u00e9o et t\u00e9l\u00e9vision, productions de vid\u00e9o: Rovaniemi en Laponie en Finlande. production des vid\u00e9o pour les m\u00e9dias sociaux\" \/>\n<meta name=\"robots\" content=\"index, follow, max-snippet:-1, max-image-preview:large, max-video-preview:-1\" \/>\n<link rel=\"canonical\" href=\"https:\/\/www.joulupukkitv.com\/fr\/services-video-production-rovaniemi-laponie-finlande\/\" \/>\n<meta property=\"og:locale\" content=\"fr_FR\" \/>\n<meta property=\"og:type\" content=\"article\" \/>\n<meta property=\"og:title\" content=\"Joulupukki TV: services et productions de vid\u00e9o &amp; t\u00e9l\u00e9 Rovaniemi Laponie Finlande\" \/>\n<meta property=\"og:description\" content=\"Joulupukki TV Oy: services de vid\u00e9o et t\u00e9l\u00e9vision, productions de vid\u00e9o: Rovaniemi en Laponie en Finlande. production des vid\u00e9o pour les m\u00e9dias sociaux\" \/>\n<meta property=\"og:url\" content=\"https:\/\/www.joulupukkitv.com\/fr\/services-video-production-rovaniemi-laponie-finlande\/\" \/>\n<meta property=\"og:site_name\" content=\"Joulupukki TV\" \/>\n<meta property=\"article:modified_time\" content=\"2026-02-20T06:18:48+00:00\" \/>\n<meta name=\"twitter:card\" content=\"summary_large_image\" \/>\n<meta name=\"twitter:label1\" content=\"Dur\u00e9e de lecture estim\u00e9e\" \/>\n\t<meta name=\"twitter:data1\" content=\"2 minutes\" \/>\n<script type=\"application\/ld+json\" class=\"yoast-schema-graph\">{\"@context\":\"https:\\\/\\\/schema.org\",\"@graph\":[{\"@type\":\"WebPage\",\"@id\":\"https:\\\/\\\/www.joulupukkitv.com\\\/fr\\\/services-video-production-rovaniemi-laponie-finlande\\\/\",\"url\":\"https:\\\/\\\/www.joulupukkitv.com\\\/fr\\\/services-video-production-rovaniemi-laponie-finlande\\\/\",\"name\":\"Joulupukki TV: services et productions de vid\u00e9o & t\u00e9l\u00e9 Rovaniemi Laponie Finlande\",\"isPartOf\":{\"@id\":\"https:\\\/\\\/www.joulupukkitv.com\\\/#website\"},\"datePublished\":\"2016-10-13T10:13:51+00:00\",\"dateModified\":\"2026-02-20T06:18:48+00:00\",\"description\":\"Joulupukki TV Oy: services de vid\u00e9o et t\u00e9l\u00e9vision, productions de vid\u00e9o: Rovaniemi en Laponie en Finlande. production des vid\u00e9o pour les m\u00e9dias sociaux\",\"breadcrumb\":{\"@id\":\"https:\\\/\\\/www.joulupukkitv.com\\\/fr\\\/services-video-production-rovaniemi-laponie-finlande\\\/#breadcrumb\"},\"inLanguage\":\"fr-FR\",\"potentialAction\":[{\"@type\":\"ReadAction\",\"target\":[\"https:\\\/\\\/www.joulupukkitv.com\\\/fr\\\/services-video-production-rovaniemi-laponie-finlande\\\/\"]}]},{\"@type\":\"BreadcrumbList\",\"@id\":\"https:\\\/\\\/www.joulupukkitv.com\\\/fr\\\/services-video-production-rovaniemi-laponie-finlande\\\/#breadcrumb\",\"itemListElement\":[{\"@type\":\"ListItem\",\"position\":1,\"name\":\"Etusivu\",\"item\":\"https:\\\/\\\/www.joulupukkitv.com\\\/fr\\\/\"},{\"@type\":\"ListItem\",\"position\":2,\"name\":\"Services &#038; productions de vid\u00e9o et t\u00e9l\u00e9vision \u00e0 Rovaniemi \\\/ Laponie et ailleurs\"}]},{\"@type\":\"WebSite\",\"@id\":\"https:\\\/\\\/www.joulupukkitv.com\\\/#website\",\"url\":\"https:\\\/\\\/www.joulupukkitv.com\\\/\",\"name\":\"Joulupukki TV\",\"description\":\"Video- ja www-tuotanto\",\"potentialAction\":[{\"@type\":\"SearchAction\",\"target\":{\"@type\":\"EntryPoint\",\"urlTemplate\":\"https:\\\/\\\/www.joulupukkitv.com\\\/search\\\/{search_term_string}\"},\"query-input\":{\"@type\":\"PropertyValueSpecification\",\"valueRequired\":true,\"valueName\":\"search_term_string\"}}],\"inLanguage\":\"fr-FR\"}]}<\/script>","yoast_head_json":{"title":"Joulupukki TV: services et productions de vid\u00e9o & t\u00e9l\u00e9 Rovaniemi Laponie Finlande","description":"Joulupukki TV Oy: services de vid\u00e9o et t\u00e9l\u00e9vision, productions de vid\u00e9o: Rovaniemi en Laponie en Finlande. production des vid\u00e9o pour les m\u00e9dias sociaux","robots":{"index":"index","follow":"follow","max-snippet":"max-snippet:-1","max-image-preview":"max-image-preview:large","max-video-preview":"max-video-preview:-1"},"canonical":"https:\/\/www.joulupukkitv.com\/fr\/services-video-production-rovaniemi-laponie-finlande\/","og_locale":"fr_FR","og_type":"article","og_title":"Joulupukki TV: services et productions de vid\u00e9o & t\u00e9l\u00e9 Rovaniemi Laponie Finlande","og_description":"Joulupukki TV Oy: services de vid\u00e9o et t\u00e9l\u00e9vision, productions de vid\u00e9o: Rovaniemi en Laponie en Finlande. production des vid\u00e9o pour les m\u00e9dias sociaux","og_url":"https:\/\/www.joulupukkitv.com\/fr\/services-video-production-rovaniemi-laponie-finlande\/","og_site_name":"Joulupukki TV","article_modified_time":"2026-02-20T06:18:48+00:00","twitter_card":"summary_large_image","twitter_misc":{"Dur\u00e9e de lecture estim\u00e9e":"2 minutes"},"schema":{"@context":"https:\/\/schema.org","@graph":[{"@type":"WebPage","@id":"https:\/\/www.joulupukkitv.com\/fr\/services-video-production-rovaniemi-laponie-finlande\/","url":"https:\/\/www.joulupukkitv.com\/fr\/services-video-production-rovaniemi-laponie-finlande\/","name":"Joulupukki TV: services et productions de vid\u00e9o & t\u00e9l\u00e9 Rovaniemi Laponie Finlande","isPartOf":{"@id":"https:\/\/www.joulupukkitv.com\/#website"},"datePublished":"2016-10-13T10:13:51+00:00","dateModified":"2026-02-20T06:18:48+00:00","description":"Joulupukki TV Oy: services de vid\u00e9o et t\u00e9l\u00e9vision, productions de vid\u00e9o: Rovaniemi en Laponie en Finlande. production des vid\u00e9o pour les m\u00e9dias sociaux","breadcrumb":{"@id":"https:\/\/www.joulupukkitv.com\/fr\/services-video-production-rovaniemi-laponie-finlande\/#breadcrumb"},"inLanguage":"fr-FR","potentialAction":[{"@type":"ReadAction","target":["https:\/\/www.joulupukkitv.com\/fr\/services-video-production-rovaniemi-laponie-finlande\/"]}]},{"@type":"BreadcrumbList","@id":"https:\/\/www.joulupukkitv.com\/fr\/services-video-production-rovaniemi-laponie-finlande\/#breadcrumb","itemListElement":[{"@type":"ListItem","position":1,"name":"Etusivu","item":"https:\/\/www.joulupukkitv.com\/fr\/"},{"@type":"ListItem","position":2,"name":"Services &#038; productions de vid\u00e9o et t\u00e9l\u00e9vision \u00e0 Rovaniemi \/ Laponie et ailleurs"}]},{"@type":"WebSite","@id":"https:\/\/www.joulupukkitv.com\/#website","url":"https:\/\/www.joulupukkitv.com\/","name":"Joulupukki TV","description":"Video- ja www-tuotanto","potentialAction":[{"@type":"SearchAction","target":{"@type":"EntryPoint","urlTemplate":"https:\/\/www.joulupukkitv.com\/search\/{search_term_string}"},"query-input":{"@type":"PropertyValueSpecification","valueRequired":true,"valueName":"search_term_string"}}],"inLanguage":"fr-FR"}]}},"_links":{"self":[{"href":"https:\/\/www.joulupukkitv.com\/fr\/wp-json\/wp\/v2\/pages\/601","targetHints":{"allow":["GET"]}}],"collection":[{"href":"https:\/\/www.joulupukkitv.com\/fr\/wp-json\/wp\/v2\/pages"}],"about":[{"href":"https:\/\/www.joulupukkitv.com\/fr\/wp-json\/wp\/v2\/types\/page"}],"author":[{"embeddable":true,"href":"https:\/\/www.joulupukkitv.com\/fr\/wp-json\/wp\/v2\/users\/2"}],"replies":[{"embeddable":true,"href":"https:\/\/www.joulupukkitv.com\/fr\/wp-json\/wp\/v2\/comments?post=601"}],"version-history":[{"count":6,"href":"https:\/\/www.joulupukkitv.com\/fr\/wp-json\/wp\/v2\/pages\/601\/revisions"}],"predecessor-version":[{"id":3671,"href":"https:\/\/www.joulupukkitv.com\/fr\/wp-json\/wp\/v2\/pages\/601\/revisions\/3671"}],"wp:attachment":[{"href":"https:\/\/www.joulupukkitv.com\/fr\/wp-json\/wp\/v2\/media?parent=601"}],"curies":[{"name":"wp","href":"https:\/\/api.w.org\/{rel}","templated":true}]}}