{"id":9,"date":"2016-10-12T09:34:59","date_gmt":"2016-10-12T09:34:59","guid":{"rendered":"http:\/\/www.joulupukkitv.com\/fr\/etusivu\/"},"modified":"2024-06-02T17:50:12","modified_gmt":"2024-06-02T14:50:12","slug":"etusivu","status":"publish","type":"page","link":"https:\/\/www.joulupukkitv.com\/fr\/","title":{"rendered":"Etusivu"},"content":{"rendered":"<h1>Joulupukki TV Oy en Laponie finlandaise (Rovaniemi): services et productions de vid\u00e9o, de t\u00e9l\u00e9 et de tournages avec des drones<\/h1>\n<p><strong>Joulupukki TV (appell\u00e9 \u00e9galement <em>Europe Video Productions<\/em>) est une entreprise du m\u00e9dia digitale innovante bas\u00e9 \u00e0 Rovaniemi en <a href=\"https:\/\/laponie.fi\/\">Laponie finlandaise.<\/a> Les vid\u00e9os produites par notre soci\u00e9t\u00e9 sont vues chaque ann\u00e9e des dixaines de millions de fois chez Youtube et Facebook. Fond\u00e9e en 2000, nos principaux produits et services sont:<\/strong><\/p>\n<ul class=\"addlist\">\n<li><a href=\"https:\/\/www.joulupukkitv.com\/fr\/services-video-production-rovaniemi-laponie-finlande\/\">Services de vid\u00e9o<\/a> \/ t\u00e9l\u00e9vision et productions audio-visuelles.<\/li>\n<li>Production des <a href=\"https:\/\/www.joulupukkitv.com\/fr\/services-video-production\/videos-aeriennes-par-drone\/\">images a\u00e9riennes avec des drones<\/a>.<\/li>\n<li>Fixeur et guide de localisation pour les productions audiovisuelles en Laponie et au nord de la Finlande, telles que les publicit\u00e9s, les films, les s\u00e9ries ou encore les actualit\u00e9s.<\/li>\n<li>Web t\u00e9l\u00e9 du <a href=\"https:\/\/perenoel.fi\/\">P\u00e8re No\u00ebl<\/a>: <a href=\"http:\/\/www.perenoel.fi\">www.perenoel.fi\u00a0<\/a><a href=\"http:\/\/www.joulupukki.fi\">\u00a0<\/a>\/ <a href=\"http:\/\/www.santatelevision.com\/fr\">Santatelevision.com\u00a0<\/a>&amp; cha\u00eene Youtube <a href=\"https:\/\/www.youtube.com\/santatelevision\">www.youtube.com\/santatelevision<\/a><\/li>\n<\/ul>\n","protected":false},"excerpt":{"rendered":"<p>Joulupukki TV Oy en Laponie finlandaise (Rovaniemi): services et productions de vid\u00e9o, de t\u00e9l\u00e9 et de tournages avec des drones Joulupukki TV (appell\u00e9 \u00e9galement Europe Video Productions) est une entreprise du m\u00e9dia digitale innovante bas\u00e9 \u00e0 Rovaniemi en Laponie finlandaise. Les vid\u00e9os produites par notre soci\u00e9t\u00e9 sont vues chaque ann\u00e9e des dixaines de millions de &hellip; <a href=\"https:\/\/www.joulupukkitv.com\/fr\/\">Continued<\/a><\/p>\n","protected":false},"author":2,"featured_media":0,"parent":0,"menu_order":19,"comment_status":"closed","ping_status":"closed","template":"template-etusivu.php","meta":{"_acf_changed":false,"footnotes":""},"class_list":["post-9","page","type-page","status-publish","hentry"],"acf":[],"yoast_head":"<title>Joulupukki TV: productions de vid\u00e9os &amp; services drone Rovaniemi Laponie<\/title>\n<meta name=\"description\" content=\"Joulupukki TV: services de vid\u00e9o et t\u00e9le - productions et tournage de vid\u00e9o drone - Rovaniemi Laponie Finlande. Service de guide et fixeur.\" \/>\n<meta name=\"robots\" content=\"index, follow, max-snippet:-1, max-image-preview:large, max-video-preview:-1\" \/>\n<link rel=\"canonical\" href=\"https:\/\/www.joulupukkitv.com\/fr\/\" \/>\n<meta property=\"og:locale\" content=\"fr_FR\" \/>\n<meta property=\"og:type\" content=\"article\" \/>\n<meta property=\"og:title\" content=\"Joulupukki TV: productions de vid\u00e9os &amp; services drone Rovaniemi Laponie\" \/>\n<meta property=\"og:description\" content=\"Joulupukki TV: services de vid\u00e9o et t\u00e9le - productions et tournage de vid\u00e9o drone - Rovaniemi Laponie Finlande. Service de guide et fixeur.\" \/>\n<meta property=\"og:url\" content=\"https:\/\/www.joulupukkitv.com\/fr\/\" \/>\n<meta property=\"og:site_name\" content=\"Joulupukki TV\" \/>\n<meta property=\"article:modified_time\" content=\"2024-06-02T14:50:12+00:00\" \/>\n<meta name=\"twitter:card\" content=\"summary_large_image\" \/>\n<meta name=\"twitter:label1\" content=\"Dur\u00e9e de lecture estim\u00e9e\" \/>\n\t<meta name=\"twitter:data1\" content=\"1 minute\" \/>\n<script type=\"application\/ld+json\" class=\"yoast-schema-graph\">{\"@context\":\"https:\\\/\\\/schema.org\",\"@graph\":[{\"@type\":\"WebPage\",\"@id\":\"https:\\\/\\\/www.joulupukkitv.com\\\/fr\\\/\",\"url\":\"https:\\\/\\\/www.joulupukkitv.com\\\/fr\\\/\",\"name\":\"Joulupukki TV: productions de vid\u00e9os & services drone Rovaniemi Laponie\",\"isPartOf\":{\"@id\":\"https:\\\/\\\/www.joulupukkitv.com\\\/#website\"},\"datePublished\":\"2016-10-12T09:34:59+00:00\",\"dateModified\":\"2024-06-02T14:50:12+00:00\",\"description\":\"Joulupukki TV: services de vid\u00e9o et t\u00e9le - productions et tournage de vid\u00e9o drone - Rovaniemi Laponie Finlande. Service de guide et fixeur.\",\"breadcrumb\":{\"@id\":\"https:\\\/\\\/www.joulupukkitv.com\\\/fr\\\/#breadcrumb\"},\"inLanguage\":\"fr-FR\",\"potentialAction\":[{\"@type\":\"ReadAction\",\"target\":[\"https:\\\/\\\/www.joulupukkitv.com\\\/fr\\\/\"]}]},{\"@type\":\"BreadcrumbList\",\"@id\":\"https:\\\/\\\/www.joulupukkitv.com\\\/fr\\\/#breadcrumb\",\"itemListElement\":[{\"@type\":\"ListItem\",\"position\":1,\"name\":\"Etusivu\",\"item\":\"https:\\\/\\\/www.joulupukkitv.com\\\/fr\\\/\"},{\"@type\":\"ListItem\",\"position\":2,\"name\":\"Etusivu\"}]},{\"@type\":\"WebSite\",\"@id\":\"https:\\\/\\\/www.joulupukkitv.com\\\/#website\",\"url\":\"https:\\\/\\\/www.joulupukkitv.com\\\/\",\"name\":\"Joulupukki TV\",\"description\":\"Video- ja www-tuotanto\",\"potentialAction\":[{\"@type\":\"SearchAction\",\"target\":{\"@type\":\"EntryPoint\",\"urlTemplate\":\"https:\\\/\\\/www.joulupukkitv.com\\\/search\\\/{search_term_string}\"},\"query-input\":{\"@type\":\"PropertyValueSpecification\",\"valueRequired\":true,\"valueName\":\"search_term_string\"}}],\"inLanguage\":\"fr-FR\"}]}<\/script>","yoast_head_json":{"title":"Joulupukki TV: productions de vid\u00e9os & services drone Rovaniemi Laponie","description":"Joulupukki TV: services de vid\u00e9o et t\u00e9le - productions et tournage de vid\u00e9o drone - Rovaniemi Laponie Finlande. Service de guide et fixeur.","robots":{"index":"index","follow":"follow","max-snippet":"max-snippet:-1","max-image-preview":"max-image-preview:large","max-video-preview":"max-video-preview:-1"},"canonical":"https:\/\/www.joulupukkitv.com\/fr\/","og_locale":"fr_FR","og_type":"article","og_title":"Joulupukki TV: productions de vid\u00e9os & services drone Rovaniemi Laponie","og_description":"Joulupukki TV: services de vid\u00e9o et t\u00e9le - productions et tournage de vid\u00e9o drone - Rovaniemi Laponie Finlande. Service de guide et fixeur.","og_url":"https:\/\/www.joulupukkitv.com\/fr\/","og_site_name":"Joulupukki TV","article_modified_time":"2024-06-02T14:50:12+00:00","twitter_card":"summary_large_image","twitter_misc":{"Dur\u00e9e de lecture estim\u00e9e":"1 minute"},"schema":{"@context":"https:\/\/schema.org","@graph":[{"@type":"WebPage","@id":"https:\/\/www.joulupukkitv.com\/fr\/","url":"https:\/\/www.joulupukkitv.com\/fr\/","name":"Joulupukki TV: productions de vid\u00e9os & services drone Rovaniemi Laponie","isPartOf":{"@id":"https:\/\/www.joulupukkitv.com\/#website"},"datePublished":"2016-10-12T09:34:59+00:00","dateModified":"2024-06-02T14:50:12+00:00","description":"Joulupukki TV: services de vid\u00e9o et t\u00e9le - productions et tournage de vid\u00e9o drone - Rovaniemi Laponie Finlande. Service de guide et fixeur.","breadcrumb":{"@id":"https:\/\/www.joulupukkitv.com\/fr\/#breadcrumb"},"inLanguage":"fr-FR","potentialAction":[{"@type":"ReadAction","target":["https:\/\/www.joulupukkitv.com\/fr\/"]}]},{"@type":"BreadcrumbList","@id":"https:\/\/www.joulupukkitv.com\/fr\/#breadcrumb","itemListElement":[{"@type":"ListItem","position":1,"name":"Etusivu","item":"https:\/\/www.joulupukkitv.com\/fr\/"},{"@type":"ListItem","position":2,"name":"Etusivu"}]},{"@type":"WebSite","@id":"https:\/\/www.joulupukkitv.com\/#website","url":"https:\/\/www.joulupukkitv.com\/","name":"Joulupukki TV","description":"Video- ja www-tuotanto","potentialAction":[{"@type":"SearchAction","target":{"@type":"EntryPoint","urlTemplate":"https:\/\/www.joulupukkitv.com\/search\/{search_term_string}"},"query-input":{"@type":"PropertyValueSpecification","valueRequired":true,"valueName":"search_term_string"}}],"inLanguage":"fr-FR"}]}},"_links":{"self":[{"href":"https:\/\/www.joulupukkitv.com\/fr\/wp-json\/wp\/v2\/pages\/9","targetHints":{"allow":["GET"]}}],"collection":[{"href":"https:\/\/www.joulupukkitv.com\/fr\/wp-json\/wp\/v2\/pages"}],"about":[{"href":"https:\/\/www.joulupukkitv.com\/fr\/wp-json\/wp\/v2\/types\/page"}],"author":[{"embeddable":true,"href":"https:\/\/www.joulupukkitv.com\/fr\/wp-json\/wp\/v2\/users\/2"}],"replies":[{"embeddable":true,"href":"https:\/\/www.joulupukkitv.com\/fr\/wp-json\/wp\/v2\/comments?post=9"}],"version-history":[{"count":6,"href":"https:\/\/www.joulupukkitv.com\/fr\/wp-json\/wp\/v2\/pages\/9\/revisions"}],"predecessor-version":[{"id":3133,"href":"https:\/\/www.joulupukkitv.com\/fr\/wp-json\/wp\/v2\/pages\/9\/revisions\/3133"}],"wp:attachment":[{"href":"https:\/\/www.joulupukkitv.com\/fr\/wp-json\/wp\/v2\/media?parent=9"}],"curies":[{"name":"wp","href":"https:\/\/api.w.org\/{rel}","templated":true}]}}